{"id":7218,"date":"2022-04-12T10:09:42","date_gmt":"2022-04-12T07:09:42","guid":{"rendered":"https:\/\/www.greece4x4.com\/?page_id=7218"},"modified":"2022-04-12T10:14:17","modified_gmt":"2022-04-12T07:14:17","slug":"road-books-4x4","status":"publish","type":"page","link":"https:\/\/www.greece4x4.com\/fr\/road-books-4x4\/","title":{"rendered":"Road Books 4&#215;4"},"content":{"rendered":"<div id=\"pl-7218\"  class=\"panel-layout\" ><div id=\"pg-7218-0\"  class=\"panel-grid panel-no-style\" ><div id=\"pgc-7218-0-0\"  class=\"panel-grid-cell\" ><div id=\"panel-7218-0-0-0\" class=\"so-panel widget widget_sow-editor panel-first-child panel-last-child\" data-index=\"0\" ><div\n\t\t\t\n\t\t\tclass=\"so-widget-sow-editor so-widget-sow-editor-base\"\n\t\t\t\n\t\t>\n<div class=\"siteorigin-widget-tinymce textwidget\">\n\t<h1 style=\"text-align: center;\">Road Books 4x4<\/h1>\n<\/div>\n<\/div><\/div><\/div><\/div><div id=\"pg-7218-1\"  class=\"panel-grid panel-has-style\" ><div class=\"axl_roadbooks_parent_row panel-row-style panel-row-style-for-7218-1\" ><div id=\"pgc-7218-1-0\"  class=\"panel-grid-cell\" ><div id=\"panel-7218-1-0-0\" class=\"so-panel widget widget_sow-image panel-first-child\" data-index=\"1\" ><div\n\t\t\t\n\t\t\tclass=\"so-widget-sow-image so-widget-sow-image-default-113ccd71f3e6-7218\"\n\t\t\t\n\t\t>\n<div class=\"sow-image-container\">\n\t\t\t<a href=\"https:\/\/www.greece4x4.com\/fr\/road-book-4x4-grece-peloponnese\/\"\n\t\t\t\t\t>\n\t\t\t<img \n\tsrc=\"https:\/\/www.greece4x4.com\/wp-content\/uploads\/Cover-RB.jpg\" width=\"541\" height=\"778\" srcset=\"https:\/\/www.greece4x4.com\/wp-content\/uploads\/Cover-RB.jpg 541w, https:\/\/www.greece4x4.com\/wp-content\/uploads\/Cover-RB-209x300.jpg 209w\" sizes=\"(max-width: 541px) 100vw, 541px\" title=\"Road Book 4&#215;4 Gr\u00e8ce (P\u00e9loponn\u00e8se)\" alt=\"\" \t\tclass=\"so-widget-image\"\/>\n\t\t\t<\/a><\/div>\n\n<\/div><\/div><div id=\"panel-7218-1-0-1\" class=\"so-panel widget widget_sow-editor panel-last-child\" data-index=\"2\" ><div\n\t\t\t\n\t\t\tclass=\"so-widget-sow-editor so-widget-sow-editor-base\"\n\t\t\t\n\t\t>\n<div class=\"siteorigin-widget-tinymce textwidget\">\n\t<p style=\"text-align: center;\"><span style=\"text-align: center; background-color: yellow;\"><a href=\"https:\/\/www.greece4x4.com\/fr\/road-book-4x4-grece-peloponnese\/\"><strong>D\u00e9couvrir<\/strong><\/a><\/span><\/p>\n<\/div>\n<\/div><\/div><\/div><div id=\"pgc-7218-1-1\"  class=\"panel-grid-cell\" ><div id=\"panel-7218-1-1-0\" class=\"so-panel widget widget_sow-image panel-first-child\" data-index=\"3\" ><div id=\"crete_parent_roadbook_img\" class=\"panel-widget-style panel-widget-style-for-7218-1-1-0\" ><div\n\t\t\t\n\t\t\tclass=\"so-widget-sow-image so-widget-sow-image-default-113ccd71f3e6-7218\"\n\t\t\t\n\t\t>\n<div class=\"sow-image-container\">\n\t\t\t<a href=\"https:\/\/www.greece4x4.com\/fr\/road-book-4x4-crete\/\"\n\t\t\t\t\t>\n\t\t\t<img \n\tsrc=\"https:\/\/www.greece4x4.com\/wp-content\/uploads\/Cover-RB-1.jpg\" width=\"588\" height=\"820\" srcset=\"https:\/\/www.greece4x4.com\/wp-content\/uploads\/Cover-RB-1.jpg 588w, https:\/\/www.greece4x4.com\/wp-content\/uploads\/Cover-RB-1-215x300.jpg 215w\" sizes=\"(max-width: 588px) 100vw, 588px\" title=\"Road Book 4&#215;4 Cr\u00e8te\" alt=\"\" \t\tclass=\"so-widget-image\"\/>\n\t\t\t<\/a><\/div>\n\n<\/div><\/div><\/div><div id=\"panel-7218-1-1-1\" class=\"so-panel widget widget_sow-editor panel-last-child\" data-index=\"4\" ><div\n\t\t\t\n\t\t\tclass=\"so-widget-sow-editor so-widget-sow-editor-base\"\n\t\t\t\n\t\t>\n<div class=\"siteorigin-widget-tinymce textwidget\">\n\t<p style=\"text-align: center;\"><span style=\"text-align: center; background-color: yellow;\"><a href=\"https:\/\/www.greece4x4.com\/fr\/road-book-4x4-crete\/\"><strong>D\u00e9couvrir<\/strong><\/a><\/span><\/p>\n<\/div>\n<\/div><\/div><\/div><\/div><\/div><div id=\"pg-7218-2\"  class=\"panel-grid panel-has-style\" ><div class=\"axl_roadbooks_parent_row panel-row-style panel-row-style-for-7218-2\" ><div id=\"pgc-7218-2-0\"  class=\"panel-grid-cell\" ><div id=\"panel-7218-2-0-0\" class=\"so-panel widget widget_sow-image panel-first-child\" data-index=\"5\" ><div\n\t\t\t\n\t\t\tclass=\"so-widget-sow-image so-widget-sow-image-default-113ccd71f3e6-7218\"\n\t\t\t\n\t\t>\n<div class=\"sow-image-container\">\n\t\t\t<a href=\"https:\/\/www.greece4x4.com\/fr\/road-book-4x4-grece-continentale-nord-ouest\/\"\n\t\t\t\t\t>\n\t\t\t<img \n\tsrc=\"https:\/\/www.greece4x4.com\/wp-content\/uploads\/Cover-road-book-Grece-Continentale-Nord-Ouest.jpg\" width=\"578\" height=\"813\" srcset=\"https:\/\/www.greece4x4.com\/wp-content\/uploads\/Cover-road-book-Grece-Continentale-Nord-Ouest.jpg 578w, https:\/\/www.greece4x4.com\/wp-content\/uploads\/Cover-road-book-Grece-Continentale-Nord-Ouest-213x300.jpg 213w\" sizes=\"(max-width: 578px) 100vw, 578px\" title=\"Road Book 4&#215;4 Gr\u00e8ce Continentale (Nord Ouest)\" alt=\"\" \t\tclass=\"so-widget-image\"\/>\n\t\t\t<\/a><\/div>\n\n<\/div><\/div><div id=\"panel-7218-2-0-1\" class=\"so-panel widget widget_sow-editor panel-last-child\" data-index=\"6\" ><div\n\t\t\t\n\t\t\tclass=\"so-widget-sow-editor so-widget-sow-editor-base\"\n\t\t\t\n\t\t>\n<div class=\"siteorigin-widget-tinymce textwidget\">\n\t<p style=\"text-align: center;\"><span style=\"text-align: center; background-color: yellow;\"><a href=\"https:\/\/www.greece4x4.com\/fr\/road-book-4x4-grece-continentale-nord-ouest\/\"><strong>D\u00e9couvrir<\/strong><\/a><\/span><\/p>\n<\/div>\n<\/div><\/div><\/div><div id=\"pgc-7218-2-1\"  class=\"panel-grid-cell\" ><div id=\"panel-7218-2-1-0\" class=\"so-panel widget widget_sow-image panel-first-child\" data-index=\"7\" ><div\n\t\t\t\n\t\t\tclass=\"so-widget-sow-image so-widget-sow-image-default-113ccd71f3e6-7218\"\n\t\t\t\n\t\t>\n<div class=\"sow-image-container\">\n\t\t<img \n\tsrc=\"https:\/\/www.greece4x4.com\/wp-content\/uploads\/Cover.jpg\" width=\"566\" height=\"796\" srcset=\"https:\/\/www.greece4x4.com\/wp-content\/uploads\/Cover.jpg 566w, https:\/\/www.greece4x4.com\/wp-content\/uploads\/Cover-213x300.jpg 213w\" sizes=\"(max-width: 566px) 100vw, 566px\" title=\"Road Book 4&#215;4 Balkans (Albanie-Mont\u00e9n\u00e9gro-Bosnie-Croatie)\" alt=\"\" \t\tclass=\"so-widget-image\"\/>\n\t<\/div>\n\n<\/div><\/div><div id=\"panel-7218-2-1-1\" class=\"so-panel widget widget_sow-editor panel-last-child\" data-index=\"8\" ><div\n\t\t\t\n\t\t\tclass=\"so-widget-sow-editor so-widget-sow-editor-base\"\n\t\t\t\n\t\t>\n<div class=\"siteorigin-widget-tinymce textwidget\">\n\t<p style=\"text-align: center;\"><span style=\"text-align: center; background-color: yellow;\"><strong>Prochainement<\/strong><\/span><\/p>\n<\/div>\n<\/div><\/div><\/div><\/div><\/div><\/div>","protected":false},"excerpt":{"rendered":"<p>Road Books 4&#215;4 D\u00e9couvrir D\u00e9couvrir<\/p>\n","protected":false},"author":2,"featured_media":0,"parent":0,"menu_order":0,"comment_status":"closed","ping_status":"closed","template":"","meta":{"footnotes":""},"folder":[],"class_list":["post-7218","page","type-page","status-publish","hentry","entry"],"_links":{"self":[{"href":"https:\/\/www.greece4x4.com\/fr\/wp-json\/wp\/v2\/pages\/7218","targetHints":{"allow":["GET"]}}],"collection":[{"href":"https:\/\/www.greece4x4.com\/fr\/wp-json\/wp\/v2\/pages"}],"about":[{"href":"https:\/\/www.greece4x4.com\/fr\/wp-json\/wp\/v2\/types\/page"}],"author":[{"embeddable":true,"href":"https:\/\/www.greece4x4.com\/fr\/wp-json\/wp\/v2\/users\/2"}],"replies":[{"embeddable":true,"href":"https:\/\/www.greece4x4.com\/fr\/wp-json\/wp\/v2\/comments?post=7218"}],"version-history":[{"count":5,"href":"https:\/\/www.greece4x4.com\/fr\/wp-json\/wp\/v2\/pages\/7218\/revisions"}],"predecessor-version":[{"id":7225,"href":"https:\/\/www.greece4x4.com\/fr\/wp-json\/wp\/v2\/pages\/7218\/revisions\/7225"}],"wp:attachment":[{"href":"https:\/\/www.greece4x4.com\/fr\/wp-json\/wp\/v2\/media?parent=7218"}],"wp:term":[{"taxonomy":"folder","embeddable":true,"href":"https:\/\/www.greece4x4.com\/fr\/wp-json\/wp\/v2\/folder?post=7218"}],"curies":[{"name":"wp","href":"https:\/\/api.w.org\/{rel}","templated":true}]}}