{"id":7183,"date":"2022-04-11T21:27:05","date_gmt":"2022-04-11T18:27:05","guid":{"rendered":"https:\/\/www.greece4x4.com\/?page_id=7183"},"modified":"2023-01-19T18:15:21","modified_gmt":"2023-01-19T16:15:21","slug":"road-book-4x4-grece-continentale-nord-ouest","status":"publish","type":"page","link":"https:\/\/www.greece4x4.com\/fr\/road-book-4x4-grece-continentale-nord-ouest\/","title":{"rendered":"Road Book 4&#215;4 Gr\u00e8ce Continentale (Nord Ouest)"},"content":{"rendered":"<div id=\"pl-7183\"  class=\"panel-layout\" ><div id=\"pg-7183-0\"  class=\"panel-grid panel-no-style\" ><div id=\"pgc-7183-0-0\"  class=\"panel-grid-cell\" ><div id=\"panel-7183-0-0-0\" class=\"so-panel widget widget_sow-editor panel-first-child panel-last-child\" data-index=\"0\" ><div class=\"panel-widget-style panel-widget-style-for-7183-0-0-0\" ><div\n\t\t\t\n\t\t\tclass=\"so-widget-sow-editor so-widget-sow-editor-base\"\n\t\t\t\n\t\t>\n<div class=\"siteorigin-widget-tinymce textwidget\">\n\t<h1 style=\"text-align: center;\">Road Book 4x4<\/h1>\n<h1 style=\"color: red; text-align: center;\">Gr\u00e8ce Continentale (Nord Ouest)<\/h1>\n<\/div>\n<\/div><\/div><\/div><\/div><\/div><div id=\"pg-7183-1\"  class=\"panel-grid panel-no-style\" ><div id=\"pgc-7183-1-0\"  class=\"panel-grid-cell\" ><div id=\"panel-7183-1-0-0\" class=\"so-panel widget widget_sow-image panel-first-child panel-last-child\" data-index=\"1\" ><div class=\"main_roadbook_picture panel-widget-style panel-widget-style-for-7183-1-0-0\" ><div\n\t\t\t\n\t\t\tclass=\"so-widget-sow-image so-widget-sow-image-default-113ccd71f3e6-7183\"\n\t\t\t\n\t\t>\n<div class=\"sow-image-container\">\n\t\t<img \n\tsrc=\"https:\/\/www.greece4x4.com\/wp-content\/uploads\/Grece-Continentale-600x400.jpg\" width=\"600\" height=\"400\" srcset=\"https:\/\/www.greece4x4.com\/wp-content\/uploads\/Grece-Continentale-600x400.jpg 600w, https:\/\/www.greece4x4.com\/wp-content\/uploads\/Grece-Continentale-272x182.jpg 272w\" sizes=\"(max-width: 600px) 100vw, 600px\" title=\"Grece Continentale\" alt=\"\" \t\tclass=\"so-widget-image\"\/>\n\t<\/div>\n\n<\/div><\/div><\/div><\/div><\/div><div id=\"pg-7183-2\"  class=\"panel-grid panel-no-style\" ><div id=\"pgc-7183-2-0\"  class=\"panel-grid-cell\" ><div id=\"panel-7183-2-0-0\" class=\"so-panel widget widget_sow-editor panel-first-child panel-last-child\" data-index=\"2\" ><div\n\t\t\t\n\t\t\tclass=\"so-widget-sow-editor so-widget-sow-editor-base\"\n\t\t\t\n\t\t>\n<div class=\"siteorigin-widget-tinymce textwidget\">\n\t<p>La Gr\u00e8ce du Nord Ouest entre mers et montagnes. Qu\u2019y a-t-il au centre ? Bien souvent, on n\u2019en sait trop rien\u2026 C\u2019est donc \u00e0 explorer le pays m\u00e9connu et authentique! En Gr\u00e8ce, le nord ouest et le centre m\u00e9ritent le d\u00e9tour, si l\u2019on peut s\u2019exprimer ainsi. On y trouve la chaine des montagnes de Pinde, le profond canyon de Vikos, les tombes royales Mac\u00e9doniens (ou Philippe le p\u00e8re d\u2019Alexandre le grand est enterr\u00e9). Les pitons d\u00e9tritiques des \u2018\u2019M\u00e9t\u00e9ores\u2019\u2019 avec leurs c\u00e9l\u00e8bres monast\u00e8res volants. Ce circuit vous offre un super panorama de la r\u00e9gion avec une tr\u00e8s bonne dose de pistes dans un cadre \u00e9poustouflant.<\/p>\n<\/div>\n<\/div><\/div><\/div><\/div><div id=\"pg-7183-3\"  class=\"panel-grid panel-no-style\" ><div id=\"pgc-7183-3-0\"  class=\"panel-grid-cell\" ><div id=\"panel-7183-3-0-0\" class=\"so-panel widget widget_sow-editor panel-first-child\" data-index=\"3\" ><div\n\t\t\t\n\t\t\tclass=\"so-widget-sow-editor so-widget-sow-editor-base\"\n\t\t\t\n\t\t>\n<div class=\"siteorigin-widget-tinymce textwidget\">\n\t<p><strong>Tarif (ttc &amp; frais de poste compris) :<\/strong> 160\u20ac<\/p>\n<p><strong>Fiche Technique :<\/strong><br \/>\n- Pour v\u00e9hicules 4x4 sans pr\u00e9paration particuli\u00e8re.<br \/>\n- Ce Raid est moins touristique. N\u00e9cessite de l'endurance et de la conduite sur des nombreuses pistes.<br \/>\n-Niveau de Difficult\u00e9 : Faible \u00e0 moyenne<br \/>\n- Ce parcours fait 2.236km (dont de 1050km de pistes). Il est r\u00e9alisable en 12 jours.<br \/>\n- Vous recevrez par mail les points gps et trace du parcours en format gpx.<br \/>\n- Ce parcours peut se faire de fin Mai \u00e0 d\u00e9cembre. \u00c0 certaines pistes d'altitudes peut avoir la neige (surtout d\u00e9but avril et mi-d\u00e9cembre).<br \/>\n- Pneus tout-terrain, roue de secours, gonfleur \u00e9lectrique, sangles, pharmacie compl\u00e8te, mat\u00e9riel de camping et de navigation.<\/p>\n<\/div>\n<\/div><\/div><div id=\"panel-7183-3-0-1\" class=\"so-panel widget widget_sow-editor panel-last-child\" data-index=\"4\" ><div class=\"panel-widget-style panel-widget-style-for-7183-3-0-1\" ><div\n\t\t\t\n\t\t\tclass=\"so-widget-sow-editor so-widget-sow-editor-base\"\n\t\t\t\n\t\t>\n<div class=\"siteorigin-widget-tinymce textwidget\">\n\t<p><strong>Tarif (ttc & frais de poste compris) :<\/strong> 170\u20ac - 25% = <strong style=\"color: red;\">130\u20ac<\/strong><br \/>\n<strong>Une offre pour No\u00ebl pour vous ou vos amis avec un achat jusqu'au 30 Novembre 2022.<\/strong><\/p>\n<p><a style=\"color: red;\" href=\"https:\/\/www.greece4x4.com\/wp-content\/uploads\/Bon-de-Commande-Road-Book-2.pdf\" download=\"\">Bon de Commande<\/a><\/p>\n<p><strong>Fiche Technique :<\/strong><br \/>\n- Pour v\u00e9hicules 4x4 sans pr\u00e9paration particuli\u00e8re.<br \/>\n- Ce Raid est moins touristique. N\u00e9cessite de l'endurance et de la conduite sur des nombreuses pistes.<br \/>\n-Niveau de Difficult\u00e9 : Faible \u00e0 moyenne<br \/>\n- Ce parcours fait 2.236km (dont de 1050km de pistes). Il est r\u00e9alisable en 12 jours.<br \/>\n- Vous recevrez par mail les points gps et trace du parcours en format gpx.<br \/>\n- Ce parcours peut se faire de fin Mai \u00e0 d\u00e9cembre. \u00c0 certaines pistes d'altitudes peut avoir la neige (surtout d\u00e9but avril et mi-d\u00e9cembre).<br \/>\n- Pneus tout-terrain, roue de secours, gonfleur \u00e9lectrique, sangles, pharmacie compl\u00e8te, mat\u00e9riel de camping et de navigation.<\/p>\n<\/div>\n<\/div><\/div><\/div><\/div><div id=\"pgc-7183-3-1\"  class=\"panel-grid-cell\" ><div id=\"panel-7183-3-1-0\" class=\"so-panel widget widget_sow-editor panel-first-child panel-last-child\" data-index=\"5\" ><div\n\t\t\t\n\t\t\tclass=\"so-widget-sow-editor so-widget-sow-editor-base\"\n\t\t\t\n\t\t>\n<div class=\"siteorigin-widget-tinymce textwidget\">\n\t<p><a href=\"https:\/\/www.greece4x4.com\/wp-content\/uploads\/Map-Grece.jpg\"><img loading=\"lazy\" decoding=\"async\" class=\"aligncenter wp-image-7326 size-full\" src=\"https:\/\/www.greece4x4.com\/wp-content\/uploads\/Map-Grece.jpg\" alt=\"\" width=\"833\" height=\"675\" srcset=\"https:\/\/www.greece4x4.com\/wp-content\/uploads\/Map-Grece.jpg 833w, https:\/\/www.greece4x4.com\/wp-content\/uploads\/Map-Grece-300x243.jpg 300w, https:\/\/www.greece4x4.com\/wp-content\/uploads\/Map-Grece-768x622.jpg 768w\" sizes=\"auto, (max-width: 833px) 100vw, 833px\" \/><\/a><\/p>\n<\/div>\n<\/div><\/div><\/div><\/div><div id=\"pg-7183-4\"  class=\"panel-grid panel-no-style\" ><div id=\"pgc-7183-4-0\"  class=\"panel-grid-cell\" ><div id=\"panel-7183-4-0-0\" class=\"so-panel widget widget_sow-editor panel-first-child panel-last-child\" data-index=\"6\" ><div\n\t\t\t\n\t\t\tclass=\"so-widget-sow-editor so-widget-sow-editor-base\"\n\t\t\t\n\t\t>\n<div class=\"siteorigin-widget-tinymce textwidget\">\n\t<p><strong>Points forts :<\/strong><br \/>\nParcours organis\u00e9 exclusivement sur la partie nord ouest de la Gr\u00e8ce continentale avec la garantie de George Margioris et Greece 4x4 Raids. Plus de 10 ans d\u2019exp\u00e9rience sur place tant qu\u2019organisateur des voyages 4x4.<br \/>\nM\u00e9t\u00e9ores, la gorge de Vikos, Tombes Royales Mac\u00e9doniens, villages pittoresques<br \/>\nLes plus belles pistes, panorama \u00e9poustouflant, magnifique bivouacs et h\u00f4tels bien s\u00e9lectionn\u00e9s.<\/p>\n<p><strong>Etapes :<\/strong><br \/>\n<strong>Jour 1 :<\/strong> Igoumenitsa-Glyki-Arta-Voulgareli-Kataraktis (222km)<br \/>\n<strong>Jour 2 :<\/strong> Kataraktis-Kalarytes-Pertouli-Argithea-Fylakti (220km)<br \/>\n<strong>Jour 3 :<\/strong> Fylakti-Lac Plastira-Niala-Viniani-Lac Kremaston-Karpenisi (174km)<br \/>\n<strong>Jour 4 :<\/strong> Karpenisi-Mont Kaliakouda-Roska-Skopia-Lac Trichonida-Domnista-Karpenisi (232km)<br \/>\n<strong>Jour 5 :<\/strong> Karpenisi-Gardiki-Tsouka-Pyli-Trikala-Kalambaka (266km)<br \/>\n<strong>Jour 6 :<\/strong> Kalambaka-Meteores-Prionia-Monachiti-Trikomo (109km)<br \/>\n<strong>Jour 7 :<\/strong> Portitsa-Chrysi-Lac Arenes-Agia Paraskevi-Kastoria (193km)<br \/>\n<strong>Jour 8 :<\/strong> Kastoria-Ag.Germanos-Kelly-Agios Athanasios (218km)<br \/>\n<strong>Jour 9 :<\/strong> Agio Athanasio-Kaimaktsalan-Naoussa-Ksirolivado (158km)<br \/>\n<strong>Jour 10 :<\/strong> Ksirolivado-Vergina-Daskio-Ksirolivado-Mont Vermio-Vlasti (202km)<br \/>\n<strong>Jour 11 :<\/strong> Vlasti- Siatista-Vourinos-Grevena-Avdela-Vovousa-Kipoi-Monodendri-Vikos (241km)<br \/>\n<strong>Jour 12 :<\/strong> Vikos-Ioannina-Igoumenitsa (160km)<\/p>\n<p><strong>S\u00e9curit\u00e9 :<\/strong><br \/>\nSur la base de notre exp\u00e9rience, les itin\u00e9raires sont con\u00e7us pour votre s\u00e9curit\u00e9 absolue et atteindre votre destination de la journ\u00e9e sans casser vos 4x4.<br \/>\nLa protection de l'environnement dans les r\u00e9gions que vous visitez est un investissement pour les g\u00e9n\u00e9rations futures. C'est pourquoi vous veillez \u00e0 ce que votre trace reste sur la piste et n'endommage pas l'environnement naturel.<\/p>\n<p><strong>Notes importantes :<\/strong><br \/>\n1. Merci de saisir correctement votre adresse sur le formulaire de contact de notre site afin d'\u00e9viter le retour du colis par la poste. Notre soci\u00e9t\u00e9 d\u00e9cline toute responsabilit\u00e9.<br \/>\n2. L'envoi s'effectue par colis recommand\u00e9.<br \/>\n3. Apr\u00e8s le solde vous recevrez un mail avec la confirmation de votre commande et le num\u00e9ro d\u2019exp\u00e9dition pour le suivi de colis.<br \/>\n4. Le road book ne sera ni repris ni \u00e9chang\u00e9.<br \/>\n5. Les textes du road book sont en Fran\u00e7ais<br \/>\n6. 1 livre en format A4. \u00c0 certaines \u00e9tapes, vous aurez quelques informations sur ce que vous visiterez.<\/p>\n<\/div>\n<\/div><\/div><\/div><\/div><div id=\"pg-7183-5\"  class=\"panel-grid panel-no-style\" ><div id=\"pgc-7183-5-0\"  class=\"panel-grid-cell\" ><div id=\"panel-7183-5-0-0\" class=\"so-panel widget widget_sow-editor panel-first-child panel-last-child\" data-index=\"7\" ><div\n\t\t\t\n\t\t\tclass=\"so-widget-sow-editor so-widget-sow-editor-base\"\n\t\t\t\n\t\t>\n<div class=\"siteorigin-widget-tinymce textwidget\">\n\t<p style=\"text-align: center;\"><strong>Photos<\/strong><\/p>\n<p style=\"text-align: center;\"><style type=\"text\/css\">\n#foogallery-gallery-7149 .fg-image { width: 297px; }\n#foogallery-gallery-7149 { --fg-gutter: 0px; }<\/style>\n\t\t\t<div class=\"foogallery foogallery-container foogallery-default foogallery-lightbox-foobox fg-center fg-default fg-ready fg-light fg-loading-partial fg-loaded-fade-in fg-hover-fade fg-hover-eye\" id=\"foogallery-gallery-7149\" data-foogallery=\"{&quot;item&quot;:{&quot;showCaptionTitle&quot;:true,&quot;showCaptionDescription&quot;:true},&quot;lazy&quot;:true}\" style=\"--fg-title-line-clamp: 0; --fg-description-line-clamp: 0;\" >\n\t<div class=\"fg-item fg-type-image fg-idle\"><figure class=\"fg-item-inner\"><a href=\"https:\/\/www.greece4x4.com\/wp-content\/uploads\/shu-Greece-Epirus-VikosGorge_1339880372-1440x823-1.jpg\" data-attachment-id=\"7176\" data-type=\"image\" class=\"fg-thumb\"><span class=\"fg-image-wrap\"><img fetchpriority=\"high\" decoding=\"async\" width=\"297\" height=\"297\" class=\"skip-lazy fg-image\" data-src-fg=\"https:\/\/www.greece4x4.com\/wp-content\/uploads\/cache\/shu-Greece-Epirus-VikosGorge_1339880372-1440x823-1\/1706254772.jpg\" src=\"data:image\/svg+xml,%3Csvg%20xmlns%3D%22http%3A%2F%2Fwww.w3.org%2F2000%2Fsvg%22%20width%3D%22297%22%20height%3D%22297%22%20viewBox%3D%220%200%20297%20297%22%3E%3C%2Fsvg%3E\" loading=\"eager\"><\/span><span class=\"fg-image-overlay\"><\/span><\/a><\/figure><div class=\"fg-loader\"><\/div><\/div><div class=\"fg-item fg-type-image fg-idle\"><figure class=\"fg-item-inner\"><a href=\"https:\/\/www.greece4x4.com\/wp-content\/uploads\/meteora-opener-crop.jpg\" data-attachment-id=\"7174\" data-type=\"image\" class=\"fg-thumb\"><span class=\"fg-image-wrap\"><img decoding=\"async\" width=\"297\" height=\"297\" class=\"skip-lazy fg-image\" data-src-fg=\"https:\/\/www.greece4x4.com\/wp-content\/uploads\/cache\/meteora-opener-crop\/619357404.jpg\" src=\"data:image\/svg+xml,%3Csvg%20xmlns%3D%22http%3A%2F%2Fwww.w3.org%2F2000%2Fsvg%22%20width%3D%22297%22%20height%3D%22297%22%20viewBox%3D%220%200%20297%20297%22%3E%3C%2Fsvg%3E\" loading=\"eager\"><\/span><span class=\"fg-image-overlay\"><\/span><\/a><\/figure><div class=\"fg-loader\"><\/div><\/div><div class=\"fg-item fg-type-image fg-idle\"><figure class=\"fg-item-inner\"><a href=\"https:\/\/www.greece4x4.com\/wp-content\/uploads\/IMG-20210730-WA0011.jpg\" data-attachment-id=\"7172\" data-type=\"image\" class=\"fg-thumb\"><span class=\"fg-image-wrap\"><img decoding=\"async\" width=\"297\" height=\"297\" class=\"skip-lazy fg-image\" data-src-fg=\"https:\/\/www.greece4x4.com\/wp-content\/uploads\/cache\/IMG-20210730-WA0011\/1461472161.jpg\" src=\"data:image\/svg+xml,%3Csvg%20xmlns%3D%22http%3A%2F%2Fwww.w3.org%2F2000%2Fsvg%22%20width%3D%22297%22%20height%3D%22297%22%20viewBox%3D%220%200%20297%20297%22%3E%3C%2Fsvg%3E\" loading=\"eager\"><\/span><span class=\"fg-image-overlay\"><\/span><\/a><\/figure><div class=\"fg-loader\"><\/div><\/div><div class=\"fg-item fg-type-image fg-idle\"><figure class=\"fg-item-inner\"><a href=\"https:\/\/www.greece4x4.com\/wp-content\/uploads\/IMG-20210727-WA0000.jpg\" data-attachment-id=\"7170\" data-type=\"image\" class=\"fg-thumb\"><span class=\"fg-image-wrap\"><img decoding=\"async\" width=\"297\" height=\"297\" class=\"skip-lazy fg-image\" data-src-fg=\"https:\/\/www.greece4x4.com\/wp-content\/uploads\/cache\/IMG-20210727-WA0000\/3723832472.jpg\" src=\"data:image\/svg+xml,%3Csvg%20xmlns%3D%22http%3A%2F%2Fwww.w3.org%2F2000%2Fsvg%22%20width%3D%22297%22%20height%3D%22297%22%20viewBox%3D%220%200%20297%20297%22%3E%3C%2Fsvg%3E\" loading=\"eager\"><\/span><span class=\"fg-image-overlay\"><\/span><\/a><\/figure><div class=\"fg-loader\"><\/div><\/div><div class=\"fg-item fg-type-image fg-idle\"><figure class=\"fg-item-inner\"><a href=\"https:\/\/www.greece4x4.com\/wp-content\/uploads\/IMG-20200810-WA0038.jpg\" data-attachment-id=\"7168\" data-type=\"image\" class=\"fg-thumb\"><span class=\"fg-image-wrap\"><img decoding=\"async\" width=\"297\" height=\"297\" class=\"skip-lazy fg-image\" data-src-fg=\"https:\/\/www.greece4x4.com\/wp-content\/uploads\/cache\/IMG-20200810-WA0038\/2964727522.jpg\" src=\"data:image\/svg+xml,%3Csvg%20xmlns%3D%22http%3A%2F%2Fwww.w3.org%2F2000%2Fsvg%22%20width%3D%22297%22%20height%3D%22297%22%20viewBox%3D%220%200%20297%20297%22%3E%3C%2Fsvg%3E\" loading=\"eager\"><\/span><span class=\"fg-image-overlay\"><\/span><\/a><\/figure><div class=\"fg-loader\"><\/div><\/div><div class=\"fg-item fg-type-image fg-idle\"><figure class=\"fg-item-inner\"><a href=\"https:\/\/www.greece4x4.com\/wp-content\/uploads\/IMG_20210727_100557-scaled.jpg\" data-attachment-id=\"7166\" data-type=\"image\" class=\"fg-thumb\"><span class=\"fg-image-wrap\"><img decoding=\"async\" width=\"297\" height=\"297\" class=\"skip-lazy fg-image\" data-src-fg=\"https:\/\/www.greece4x4.com\/wp-content\/uploads\/cache\/IMG_20210727_100557-scaled\/1287056756.jpg\" src=\"data:image\/svg+xml,%3Csvg%20xmlns%3D%22http%3A%2F%2Fwww.w3.org%2F2000%2Fsvg%22%20width%3D%22297%22%20height%3D%22297%22%20viewBox%3D%220%200%20297%20297%22%3E%3C%2Fsvg%3E\" loading=\"eager\"><\/span><span class=\"fg-image-overlay\"><\/span><\/a><\/figure><div class=\"fg-loader\"><\/div><\/div><div class=\"fg-item fg-type-image fg-idle\"><figure class=\"fg-item-inner\"><a href=\"https:\/\/www.greece4x4.com\/wp-content\/uploads\/IMG_20210726_153124-scaled.jpg\" data-attachment-id=\"7164\" data-type=\"image\" class=\"fg-thumb\"><span class=\"fg-image-wrap\"><img decoding=\"async\" width=\"297\" height=\"297\" class=\"skip-lazy fg-image\" data-src-fg=\"https:\/\/www.greece4x4.com\/wp-content\/uploads\/cache\/IMG_20210726_153124-scaled\/1980620496.jpg\" src=\"data:image\/svg+xml,%3Csvg%20xmlns%3D%22http%3A%2F%2Fwww.w3.org%2F2000%2Fsvg%22%20width%3D%22297%22%20height%3D%22297%22%20viewBox%3D%220%200%20297%20297%22%3E%3C%2Fsvg%3E\" loading=\"eager\"><\/span><span class=\"fg-image-overlay\"><\/span><\/a><\/figure><div class=\"fg-loader\"><\/div><\/div><div class=\"fg-item fg-type-image fg-idle\"><figure class=\"fg-item-inner\"><a href=\"https:\/\/www.greece4x4.com\/wp-content\/uploads\/IMG_20210722_111813-scaled.jpg\" data-attachment-id=\"7162\" data-type=\"image\" class=\"fg-thumb\"><span class=\"fg-image-wrap\"><img decoding=\"async\" width=\"297\" height=\"297\" class=\"skip-lazy fg-image\" data-src-fg=\"https:\/\/www.greece4x4.com\/wp-content\/uploads\/cache\/IMG_20210722_111813-scaled\/3210461701.jpg\" src=\"data:image\/svg+xml,%3Csvg%20xmlns%3D%22http%3A%2F%2Fwww.w3.org%2F2000%2Fsvg%22%20width%3D%22297%22%20height%3D%22297%22%20viewBox%3D%220%200%20297%20297%22%3E%3C%2Fsvg%3E\" loading=\"eager\"><\/span><span class=\"fg-image-overlay\"><\/span><\/a><\/figure><div class=\"fg-loader\"><\/div><\/div><div class=\"fg-item fg-type-image fg-idle\"><figure class=\"fg-item-inner\"><a href=\"https:\/\/www.greece4x4.com\/wp-content\/uploads\/IMG_20210719_190821-scaled.jpg\" data-attachment-id=\"7160\" data-type=\"image\" class=\"fg-thumb\"><span class=\"fg-image-wrap\"><img decoding=\"async\" width=\"297\" height=\"297\" class=\"skip-lazy fg-image\" data-src-fg=\"https:\/\/www.greece4x4.com\/wp-content\/uploads\/cache\/IMG_20210719_190821-scaled\/1210805248.jpg\" src=\"data:image\/svg+xml,%3Csvg%20xmlns%3D%22http%3A%2F%2Fwww.w3.org%2F2000%2Fsvg%22%20width%3D%22297%22%20height%3D%22297%22%20viewBox%3D%220%200%20297%20297%22%3E%3C%2Fsvg%3E\" loading=\"eager\"><\/span><span class=\"fg-image-overlay\"><\/span><\/a><\/figure><div class=\"fg-loader\"><\/div><\/div><div class=\"fg-item fg-type-image fg-idle\"><figure class=\"fg-item-inner\"><a href=\"https:\/\/www.greece4x4.com\/wp-content\/uploads\/IMG_20191030_070826-scaled.jpg\" data-attachment-id=\"7158\" data-type=\"image\" class=\"fg-thumb\"><span class=\"fg-image-wrap\"><img decoding=\"async\" width=\"297\" height=\"297\" class=\"skip-lazy fg-image\" data-src-fg=\"https:\/\/www.greece4x4.com\/wp-content\/uploads\/cache\/IMG_20191030_070826-scaled\/500593896.jpg\" src=\"data:image\/svg+xml,%3Csvg%20xmlns%3D%22http%3A%2F%2Fwww.w3.org%2F2000%2Fsvg%22%20width%3D%22297%22%20height%3D%22297%22%20viewBox%3D%220%200%20297%20297%22%3E%3C%2Fsvg%3E\" loading=\"eager\"><\/span><span class=\"fg-image-overlay\"><\/span><\/a><\/figure><div class=\"fg-loader\"><\/div><\/div><div class=\"fg-item fg-type-image fg-idle\"><figure class=\"fg-item-inner\"><a href=\"https:\/\/www.greece4x4.com\/wp-content\/uploads\/141101528_3430914427019721_7174063675696951396_o.jpg\" data-attachment-id=\"7156\" data-type=\"image\" class=\"fg-thumb\"><span class=\"fg-image-wrap\"><img decoding=\"async\" width=\"297\" height=\"297\" class=\"skip-lazy fg-image\" data-src-fg=\"https:\/\/www.greece4x4.com\/wp-content\/uploads\/cache\/141101528_3430914427019721_7174063675696951396_o\/4168924567.jpg\" src=\"data:image\/svg+xml,%3Csvg%20xmlns%3D%22http%3A%2F%2Fwww.w3.org%2F2000%2Fsvg%22%20width%3D%22297%22%20height%3D%22297%22%20viewBox%3D%220%200%20297%20297%22%3E%3C%2Fsvg%3E\" loading=\"eager\"><\/span><span class=\"fg-image-overlay\"><\/span><\/a><\/figure><div class=\"fg-loader\"><\/div><\/div><div class=\"fg-item fg-type-image fg-idle\"><figure class=\"fg-item-inner\"><a href=\"https:\/\/www.greece4x4.com\/wp-content\/uploads\/135535082_3385960331515131_7494837102417165866_o.jpg\" data-attachment-id=\"7154\" data-type=\"image\" class=\"fg-thumb\"><span class=\"fg-image-wrap\"><img decoding=\"async\" width=\"297\" height=\"297\" class=\"skip-lazy fg-image\" data-src-fg=\"https:\/\/www.greece4x4.com\/wp-content\/uploads\/cache\/135535082_3385960331515131_7494837102417165866_o\/3507990378.jpg\" src=\"data:image\/svg+xml,%3Csvg%20xmlns%3D%22http%3A%2F%2Fwww.w3.org%2F2000%2Fsvg%22%20width%3D%22297%22%20height%3D%22297%22%20viewBox%3D%220%200%20297%20297%22%3E%3C%2Fsvg%3E\" loading=\"eager\"><\/span><span class=\"fg-image-overlay\"><\/span><\/a><\/figure><div class=\"fg-loader\"><\/div><\/div><div class=\"fg-item fg-type-image fg-idle\"><figure class=\"fg-item-inner\"><a href=\"https:\/\/www.greece4x4.com\/wp-content\/uploads\/135510877_3385973698180461_3388846560427624440_o.jpg\" data-attachment-id=\"7152\" data-type=\"image\" class=\"fg-thumb\"><span class=\"fg-image-wrap\"><img decoding=\"async\" width=\"297\" height=\"297\" class=\"skip-lazy fg-image\" data-src-fg=\"https:\/\/www.greece4x4.com\/wp-content\/uploads\/cache\/135510877_3385973698180461_3388846560427624440_o\/150402100.jpg\" src=\"data:image\/svg+xml,%3Csvg%20xmlns%3D%22http%3A%2F%2Fwww.w3.org%2F2000%2Fsvg%22%20width%3D%22297%22%20height%3D%22297%22%20viewBox%3D%220%200%20297%20297%22%3E%3C%2Fsvg%3E\" loading=\"eager\"><\/span><span class=\"fg-image-overlay\"><\/span><\/a><\/figure><div class=\"fg-loader\"><\/div><\/div><div class=\"fg-item fg-type-image fg-idle\"><figure class=\"fg-item-inner\"><a href=\"https:\/\/www.greece4x4.com\/wp-content\/uploads\/4204864.jpg\" data-attachment-id=\"7150\" data-type=\"image\" class=\"fg-thumb\"><span class=\"fg-image-wrap\"><img decoding=\"async\" width=\"297\" height=\"297\" class=\"skip-lazy fg-image\" data-src-fg=\"https:\/\/www.greece4x4.com\/wp-content\/uploads\/cache\/4204864\/24273059.jpg\" src=\"data:image\/svg+xml,%3Csvg%20xmlns%3D%22http%3A%2F%2Fwww.w3.org%2F2000%2Fsvg%22%20width%3D%22297%22%20height%3D%22297%22%20viewBox%3D%220%200%20297%20297%22%3E%3C%2Fsvg%3E\" loading=\"eager\"><\/span><span class=\"fg-image-overlay\"><\/span><\/a><\/figure><div class=\"fg-loader\"><\/div><\/div><\/div>\n<\/p>\n<\/div>\n<\/div><\/div><\/div><\/div><\/div>","protected":false},"excerpt":{"rendered":"<p>Road Book 4&#215;4 Gr\u00e8ce Continentale (Nord Ouest)<\/p>\n","protected":false},"author":2,"featured_media":0,"parent":0,"menu_order":0,"comment_status":"closed","ping_status":"closed","template":"","meta":{"footnotes":""},"folder":[],"class_list":["post-7183","page","type-page","status-publish","hentry","entry"],"_links":{"self":[{"href":"https:\/\/www.greece4x4.com\/fr\/wp-json\/wp\/v2\/pages\/7183","targetHints":{"allow":["GET"]}}],"collection":[{"href":"https:\/\/www.greece4x4.com\/fr\/wp-json\/wp\/v2\/pages"}],"about":[{"href":"https:\/\/www.greece4x4.com\/fr\/wp-json\/wp\/v2\/types\/page"}],"author":[{"embeddable":true,"href":"https:\/\/www.greece4x4.com\/fr\/wp-json\/wp\/v2\/users\/2"}],"replies":[{"embeddable":true,"href":"https:\/\/www.greece4x4.com\/fr\/wp-json\/wp\/v2\/comments?post=7183"}],"version-history":[{"count":27,"href":"https:\/\/www.greece4x4.com\/fr\/wp-json\/wp\/v2\/pages\/7183\/revisions"}],"predecessor-version":[{"id":7402,"href":"https:\/\/www.greece4x4.com\/fr\/wp-json\/wp\/v2\/pages\/7183\/revisions\/7402"}],"wp:attachment":[{"href":"https:\/\/www.greece4x4.com\/fr\/wp-json\/wp\/v2\/media?parent=7183"}],"wp:term":[{"taxonomy":"folder","embeddable":true,"href":"https:\/\/www.greece4x4.com\/fr\/wp-json\/wp\/v2\/folder?post=7183"}],"curies":[{"name":"wp","href":"https:\/\/api.w.org\/{rel}","templated":true}]}}