{"id":7178,"date":"2022-04-11T21:24:48","date_gmt":"2022-04-11T18:24:48","guid":{"rendered":"https:\/\/www.greece4x4.com\/?page_id=7178"},"modified":"2023-01-19T18:12:48","modified_gmt":"2023-01-19T16:12:48","slug":"road-book-4x4-crete","status":"publish","type":"page","link":"https:\/\/www.greece4x4.com\/fr\/road-book-4x4-crete\/","title":{"rendered":"Road Book 4&#215;4 Cr\u00e8te"},"content":{"rendered":"<div id=\"pl-7178\"  class=\"panel-layout\" ><div id=\"pg-7178-0\"  class=\"panel-grid panel-no-style\" ><div id=\"pgc-7178-0-0\"  class=\"panel-grid-cell\" ><div id=\"panel-7178-0-0-0\" class=\"so-panel widget widget_sow-editor panel-first-child panel-last-child\" data-index=\"0\" ><div class=\"panel-widget-style panel-widget-style-for-7178-0-0-0\" ><div\n\t\t\t\n\t\t\tclass=\"so-widget-sow-editor so-widget-sow-editor-base\"\n\t\t\t\n\t\t>\n<div class=\"siteorigin-widget-tinymce textwidget\">\n\t<h1 style=\"text-align: center;\">Road Book 4x4<\/h1>\n<h1 style=\"color: red; text-align: center;\">Cr\u00e8te<\/h1>\n<\/div>\n<\/div><\/div><\/div><\/div><\/div><div id=\"pg-7178-1\"  class=\"panel-grid panel-no-style\" ><div id=\"pgc-7178-1-0\"  class=\"panel-grid-cell\" ><div id=\"panel-7178-1-0-0\" class=\"so-panel widget widget_sow-image panel-first-child panel-last-child\" data-index=\"1\" ><div class=\"main_roadbook_picture panel-widget-style panel-widget-style-for-7178-1-0-0\" ><div\n\t\t\t\n\t\t\tclass=\"so-widget-sow-image so-widget-sow-image-default-113ccd71f3e6-7178\"\n\t\t\t\n\t\t>\n<div class=\"sow-image-container\">\n\t\t<img \n\tsrc=\"https:\/\/www.greece4x4.com\/wp-content\/uploads\/Elafonisi-600x400.jpg\" width=\"600\" height=\"400\" srcset=\"https:\/\/www.greece4x4.com\/wp-content\/uploads\/Elafonisi-600x400.jpg 600w, https:\/\/www.greece4x4.com\/wp-content\/uploads\/Elafonisi-272x182.jpg 272w\" sizes=\"(max-width: 600px) 100vw, 600px\" alt=\"\" \t\tclass=\"so-widget-image\"\/>\n\t<\/div>\n\n<\/div><\/div><\/div><\/div><\/div><div id=\"pg-7178-2\"  class=\"panel-grid panel-no-style\" ><div id=\"pgc-7178-2-0\"  class=\"panel-grid-cell\" ><div id=\"panel-7178-2-0-0\" class=\"so-panel widget widget_sow-editor panel-first-child panel-last-child\" data-index=\"2\" ><div\n\t\t\t\n\t\t\tclass=\"so-widget-sow-editor so-widget-sow-editor-base\"\n\t\t\t\n\t\t>\n<div class=\"siteorigin-widget-tinymce textwidget\">\n\t<p>Mythique et sauvage, voici une \u00eele \u00e0 part entre Europe et Afrique. Une occasion de d\u00e9couvrir l\u2019\u00eele de Cr\u00e8te, le berceau de la civilisation Minoenne et la 5eme la plus grande \u00eele de M\u00e9diterran\u00e9e. Un parcours riche en d\u00e9couvertes : sur les traces du Minotaure \u00e0 Knossos, Le mus\u00e9e arch\u00e9ologique de H\u00e9raklion, les Monast\u00e8res Arkadi et Toplou, de m\u00eame, \u2018\u2019Vai\u2019\u2019 l\u2019unique palmerai d\u2019Europe avec une plage tropicale aux palmiers et le plus vieux olivier du monde (1.500 ans av J-C). Des nombreuses pistes qui survolent des mers avec un panorama \u00e9blouissant vous attendent \u00e0 d\u00e9couvrir.<\/p>\n<\/div>\n<\/div><\/div><\/div><\/div><div id=\"pg-7178-3\"  class=\"panel-grid panel-no-style\" ><div id=\"pgc-7178-3-0\"  class=\"panel-grid-cell\" ><div id=\"panel-7178-3-0-0\" class=\"so-panel widget widget_sow-editor panel-first-child\" data-index=\"3\" ><div\n\t\t\t\n\t\t\tclass=\"so-widget-sow-editor so-widget-sow-editor-base\"\n\t\t\t\n\t\t>\n<div class=\"siteorigin-widget-tinymce textwidget\">\n\t<p><strong>Tarif (ttc & frais de poste compris) :<\/strong> 160\u20ac<\/p>\n<p><strong>Fiche Technique :<\/strong><br \/>\n- Pour v\u00e9hicules 4x4 sans pr\u00e9paration particuli\u00e8re et conducteur sans grande exp\u00e9rience.<br \/>\n-Niveau de Difficult\u00e9 : Faible<br \/>\n- Ce parcours fait 1.530km. Il est r\u00e9alisable en 10 jours.<br \/>\n- Vous recevrez par mail les points gps. Pas de trace du parcours.<br \/>\n- Ce parcours peut se faire d'avril \u00e0 d\u00e9cembre. \u00c0 certaines pistes d'altitudes peut avoir la neige (surtout d\u00e9but avril et mi-d\u00e9cembre).<br \/>\n- Pneus tout-terrain, roue de secours, gonfleur \u00e9lectrique, sangles, pharmacie compl\u00e8te, mat\u00e9riel de camping et de navigation.<\/p>\n<\/div>\n<\/div><\/div><div id=\"panel-7178-3-0-1\" class=\"so-panel widget widget_sow-editor panel-last-child\" data-index=\"4\" ><div class=\"panel-widget-style panel-widget-style-for-7178-3-0-1\" ><div\n\t\t\t\n\t\t\tclass=\"so-widget-sow-editor so-widget-sow-editor-base\"\n\t\t\t\n\t\t>\n<div class=\"siteorigin-widget-tinymce textwidget\">\n\t<p><strong>Tarif (ttc &amp; frais de poste compris) :<\/strong> 170\u20ac - 25% = <strong style=\"color: red;\">130\u20ac<\/strong><br \/>\n<strong>Une offre pour No\u00ebl pour vous ou vos amis avec un achat jusqu'au 30 Novembre 2022.<\/strong><\/p>\n<p><a style=\"color: red;\" href=\"https:\/\/www.greece4x4.com\/wp-content\/uploads\/Bon-de-Commande-Road-Book-1-1.pdf\" download=\"\">Bon de Commande<\/a><\/p>\n<p><strong>Fiche Technique :<\/strong><br \/>\n- Pour v\u00e9hicules 4x4 sans pr\u00e9paration particuli\u00e8re et conducteur sans grande exp\u00e9rience.<br \/>\n-Niveau de Difficult\u00e9 : Faible<br \/>\n- Ce parcours fait 1.530km. Il est r\u00e9alisable en 10 jours.<br \/>\n- Vous recevrez par mail les points gps. Pas de trace du parcours.<br \/>\n- Ce parcours peut se faire d'avril \u00e0 d\u00e9cembre. \u00c0 certaines pistes d'altitudes peut avoir la neige (surtout d\u00e9but avril et mi-d\u00e9cembre).<br \/>\n- Pneus tout-terrain, roue de secours, gonfleur \u00e9lectrique, sangles, pharmacie compl\u00e8te, mat\u00e9riel de camping et de navigation.<\/p>\n<\/div>\n<\/div><\/div><\/div><\/div><div id=\"pgc-7178-3-1\"  class=\"panel-grid-cell\" ><div id=\"panel-7178-3-1-0\" class=\"so-panel widget widget_sow-editor panel-first-child panel-last-child\" data-index=\"5\" ><div\n\t\t\t\n\t\t\tclass=\"so-widget-sow-editor so-widget-sow-editor-base\"\n\t\t\t\n\t\t>\n<div class=\"siteorigin-widget-tinymce textwidget\">\n\t<p><a href=\"https:\/\/www.greece4x4.com\/wp-content\/uploads\/Map-Crete.png.jpg\"><img loading=\"lazy\" decoding=\"async\" class=\"aligncenter wp-image-7304 size-full\" src=\"https:\/\/www.greece4x4.com\/wp-content\/uploads\/Map-Crete.png.jpg\" alt=\"\" width=\"1188\" height=\"640\" srcset=\"https:\/\/www.greece4x4.com\/wp-content\/uploads\/Map-Crete.png.jpg 1188w, https:\/\/www.greece4x4.com\/wp-content\/uploads\/Map-Crete.png-300x162.jpg 300w, https:\/\/www.greece4x4.com\/wp-content\/uploads\/Map-Crete.png-1024x552.jpg 1024w, https:\/\/www.greece4x4.com\/wp-content\/uploads\/Map-Crete.png-768x414.jpg 768w\" sizes=\"auto, (max-width: 1188px) 100vw, 1188px\" \/><\/a><\/p>\n<\/div>\n<\/div><\/div><\/div><\/div><div id=\"pg-7178-4\"  class=\"panel-grid panel-no-style\" ><div id=\"pgc-7178-4-0\"  class=\"panel-grid-cell\" ><div id=\"panel-7178-4-0-0\" class=\"so-panel widget widget_sow-editor panel-first-child panel-last-child\" data-index=\"6\" ><div\n\t\t\t\n\t\t\tclass=\"so-widget-sow-editor so-widget-sow-editor-base\"\n\t\t\t\n\t\t>\n<div class=\"siteorigin-widget-tinymce textwidget\">\n\t<p><strong>Points forts :<\/strong><br \/>\nParcours organis\u00e9 exclusivement sur la Cr\u00e8te avec la garantie de George Margioris et Greece 4x4 Raids. Plus de 10 ans d\u2019exp\u00e9rience sur place et 1er organisateur \u00e0 vous proposer ce voyage et ce road book.<br \/>\nPalais de Knossos, Le mus\u00e9e Arch\u00e9ologique de H\u00e9raklion, Monast\u00e8res Arkadi &amp; Toplou, Cann\u00e9e, Agios Nikolaos etc.<br \/>\nTr\u00e8s belles pistes avec un panorama \u00e9blouissant.<br \/>\nPlages de r\u00eave pour baignades. Cuisine Cr\u00e9toise.<\/p>\n<p><strong>Etapes :<\/strong><br \/>\n<strong>Jour 1 :<\/strong> Chania (Cann\u00e9e Cr\u00e8te) \u2013Plage Elafonisi (134km)<br \/>\n<strong>Jour 2 :<\/strong> Elafonisi-Gorge Samaria-Chania (Canee) 184km<br \/>\n<strong>Jour 3 :<\/strong> Chania-Lac Kournas-Plakias-Agia Marina-Rodakino-Monastere Arkadi (158km)<br \/>\n<strong>Jour 4 :<\/strong> Arkadi-Spili-Preveli-Triopetra-Agia Galini (115km)<br \/>\n<strong>Jour 5 :<\/strong> Agia Galini-Mont Asterousia-Achendrias-Tsoutsouros (136km)<br \/>\n<strong>Jour 6 :<\/strong> Tsoutsouros-Plateau Omalos-Kritsa-Ag.Nikolaos-Istro (179km)<br \/>\n<strong>Jour 7 :<\/strong> Istro-Agios Nikolaos-Elounda-Kavousi-Koutsounari (134km)<br \/>\n<strong>Jour 8 :<\/strong> Koutsounari-Monastere Toplou-plage Vai-Zakros-Ziros-Chandras-Koutsounari (192km)<br \/>\n<strong>Jour 9 :<\/strong> Koutsounari-Plateau Lassithi-Irakleio (147km)<br \/>\n<strong>Jour 10 :<\/strong> Irakleio-Zaros-Mont Psiloritis-Knossos-Port (139km)<\/p>\n<p><strong>S\u00e9curit\u00e9 :<\/strong><br \/>\nSur la base de notre exp\u00e9rience, les itin\u00e9raires sont con\u00e7us pour votre s\u00e9curit\u00e9 absolue et atteindre votre destination de la journ\u00e9e sans casser vos 4x4.<br \/>\nLa protection de l'environnement dans les r\u00e9gions que vous visitez est un investissement pour les g\u00e9n\u00e9rations futures. C'est pourquoi vous veillez \u00e0 ce que votre trace reste sur la piste et n'endommage pas l'environnement naturel.<\/p>\n<p><strong>Notes importantes :<\/strong><br \/>\n1. Merci de saisir correctement votre adresse sur le formulaire de contact de notre site afin d'\u00e9viter le retour du colis par la poste. Notre soci\u00e9t\u00e9 d\u00e9cline toute responsabilit\u00e9.<br \/>\n2. L'envoi s'effectue par colis recommand\u00e9.<br \/>\n3. Apr\u00e8s le solde vous recevrez un mail avec la confirmation de votre commande et le num\u00e9ro d\u2019exp\u00e9dition pour le suivi de colis.<br \/>\n4. Le road book ne sera ni repris ni \u00e9chang\u00e9.<br \/>\n5. Les textes du road book sont en Fran\u00e7ais<br \/>\n6. 1 livre en format A4. \u00c0 certaines \u00e9tapes, vous aurez quelques informations sur ce que vous visiterez.<\/p>\n<\/div>\n<\/div><\/div><\/div><\/div><div id=\"pg-7178-5\"  class=\"panel-grid panel-no-style\" ><div id=\"pgc-7178-5-0\"  class=\"panel-grid-cell\" ><div id=\"panel-7178-5-0-0\" class=\"so-panel widget widget_sow-editor panel-first-child panel-last-child\" data-index=\"7\" ><div\n\t\t\t\n\t\t\tclass=\"so-widget-sow-editor so-widget-sow-editor-base\"\n\t\t\t\n\t\t>\n<div class=\"siteorigin-widget-tinymce textwidget\">\n\t<p style=\"text-align: center;\"><strong>Photos<\/strong><\/p>\n<p style=\"text-align: center;\"><style type=\"text\/css\">\n#foogallery-gallery-7112 .fg-image { width: 297px; }\n#foogallery-gallery-7112 { --fg-gutter: 0px; }<\/style>\n\t\t\t<div class=\"foogallery foogallery-container foogallery-default foogallery-lightbox-foobox fg-center fg-default fg-ready fg-light fg-loading-partial fg-loaded-fade-in fg-hover-fade fg-hover-eye\" id=\"foogallery-gallery-7112\" data-foogallery=\"{&quot;item&quot;:{&quot;showCaptionTitle&quot;:true,&quot;showCaptionDescription&quot;:true},&quot;lazy&quot;:true}\" style=\"--fg-title-line-clamp: 0; --fg-description-line-clamp: 0;\" >\n\t<div class=\"fg-item fg-type-image fg-idle\"><figure class=\"fg-item-inner\"><a href=\"https:\/\/www.greece4x4.com\/wp-content\/uploads\/11-1.jpg\" data-attachment-id=\"7113\" data-type=\"image\" class=\"fg-thumb\"><span class=\"fg-image-wrap\"><img fetchpriority=\"high\" decoding=\"async\" width=\"297\" height=\"297\" class=\"skip-lazy fg-image\" data-src-fg=\"https:\/\/www.greece4x4.com\/wp-content\/uploads\/cache\/11-1\/1340236481.jpg\" src=\"data:image\/svg+xml,%3Csvg%20xmlns%3D%22http%3A%2F%2Fwww.w3.org%2F2000%2Fsvg%22%20width%3D%22297%22%20height%3D%22297%22%20viewBox%3D%220%200%20297%20297%22%3E%3C%2Fsvg%3E\" loading=\"eager\"><\/span><span class=\"fg-image-overlay\"><\/span><\/a><\/figure><div class=\"fg-loader\"><\/div><\/div><div class=\"fg-item fg-type-image fg-idle\"><figure class=\"fg-item-inner\"><a href=\"https:\/\/www.greece4x4.com\/wp-content\/uploads\/IMG_20210921_083432-scaled.jpg\" data-attachment-id=\"7147\" data-type=\"image\" class=\"fg-thumb\"><span class=\"fg-image-wrap\"><img decoding=\"async\" width=\"297\" height=\"297\" class=\"skip-lazy fg-image\" data-src-fg=\"https:\/\/www.greece4x4.com\/wp-content\/uploads\/cache\/IMG_20210921_083432-scaled\/811590459.jpg\" src=\"data:image\/svg+xml,%3Csvg%20xmlns%3D%22http%3A%2F%2Fwww.w3.org%2F2000%2Fsvg%22%20width%3D%22297%22%20height%3D%22297%22%20viewBox%3D%220%200%20297%20297%22%3E%3C%2Fsvg%3E\" loading=\"eager\"><\/span><span class=\"fg-image-overlay\"><\/span><\/a><\/figure><div class=\"fg-loader\"><\/div><\/div><div class=\"fg-item fg-type-image fg-idle\"><figure class=\"fg-item-inner\"><a href=\"https:\/\/www.greece4x4.com\/wp-content\/uploads\/IMG_20210920_140555-scaled.jpg\" data-attachment-id=\"7145\" data-type=\"image\" class=\"fg-thumb\"><span class=\"fg-image-wrap\"><img decoding=\"async\" width=\"297\" height=\"297\" class=\"skip-lazy fg-image\" data-src-fg=\"https:\/\/www.greece4x4.com\/wp-content\/uploads\/cache\/IMG_20210920_140555-scaled\/1635413626.jpg\" src=\"data:image\/svg+xml,%3Csvg%20xmlns%3D%22http%3A%2F%2Fwww.w3.org%2F2000%2Fsvg%22%20width%3D%22297%22%20height%3D%22297%22%20viewBox%3D%220%200%20297%20297%22%3E%3C%2Fsvg%3E\" loading=\"eager\"><\/span><span class=\"fg-image-overlay\"><\/span><\/a><\/figure><div class=\"fg-loader\"><\/div><\/div><div class=\"fg-item fg-type-image fg-idle\"><figure class=\"fg-item-inner\"><a href=\"https:\/\/www.greece4x4.com\/wp-content\/uploads\/IMG_20210920_114801-scaled.jpg\" data-attachment-id=\"7143\" data-type=\"image\" class=\"fg-thumb\"><span class=\"fg-image-wrap\"><img decoding=\"async\" width=\"297\" height=\"297\" class=\"skip-lazy fg-image\" data-src-fg=\"https:\/\/www.greece4x4.com\/wp-content\/uploads\/cache\/IMG_20210920_114801-scaled\/486013216.jpg\" src=\"data:image\/svg+xml,%3Csvg%20xmlns%3D%22http%3A%2F%2Fwww.w3.org%2F2000%2Fsvg%22%20width%3D%22297%22%20height%3D%22297%22%20viewBox%3D%220%200%20297%20297%22%3E%3C%2Fsvg%3E\" loading=\"eager\"><\/span><span class=\"fg-image-overlay\"><\/span><\/a><\/figure><div class=\"fg-loader\"><\/div><\/div><div class=\"fg-item fg-type-image fg-idle\"><figure class=\"fg-item-inner\"><a href=\"https:\/\/www.greece4x4.com\/wp-content\/uploads\/IMG_20210918_122331-scaled.jpg\" data-attachment-id=\"7141\" data-type=\"image\" class=\"fg-thumb\"><span class=\"fg-image-wrap\"><img decoding=\"async\" width=\"297\" height=\"297\" class=\"skip-lazy fg-image\" data-src-fg=\"https:\/\/www.greece4x4.com\/wp-content\/uploads\/cache\/IMG_20210918_122331-scaled\/2217397926.jpg\" src=\"data:image\/svg+xml,%3Csvg%20xmlns%3D%22http%3A%2F%2Fwww.w3.org%2F2000%2Fsvg%22%20width%3D%22297%22%20height%3D%22297%22%20viewBox%3D%220%200%20297%20297%22%3E%3C%2Fsvg%3E\" loading=\"eager\"><\/span><span class=\"fg-image-overlay\"><\/span><\/a><\/figure><div class=\"fg-loader\"><\/div><\/div><div class=\"fg-item fg-type-image fg-idle\"><figure class=\"fg-item-inner\"><a href=\"https:\/\/www.greece4x4.com\/wp-content\/uploads\/IMG_20210918_114622-scaled.jpg\" data-attachment-id=\"7139\" data-type=\"image\" class=\"fg-thumb\"><span class=\"fg-image-wrap\"><img decoding=\"async\" width=\"297\" height=\"297\" class=\"skip-lazy fg-image\" data-src-fg=\"https:\/\/www.greece4x4.com\/wp-content\/uploads\/cache\/IMG_20210918_114622-scaled\/910628764.jpg\" src=\"data:image\/svg+xml,%3Csvg%20xmlns%3D%22http%3A%2F%2Fwww.w3.org%2F2000%2Fsvg%22%20width%3D%22297%22%20height%3D%22297%22%20viewBox%3D%220%200%20297%20297%22%3E%3C%2Fsvg%3E\" loading=\"eager\"><\/span><span class=\"fg-image-overlay\"><\/span><\/a><\/figure><div class=\"fg-loader\"><\/div><\/div><div class=\"fg-item fg-type-image fg-idle\"><figure class=\"fg-item-inner\"><a href=\"https:\/\/www.greece4x4.com\/wp-content\/uploads\/IMG_20210916_153913-scaled.jpg\" data-attachment-id=\"7137\" data-type=\"image\" class=\"fg-thumb\"><span class=\"fg-image-wrap\"><img decoding=\"async\" width=\"297\" height=\"297\" class=\"skip-lazy fg-image\" data-src-fg=\"https:\/\/www.greece4x4.com\/wp-content\/uploads\/cache\/IMG_20210916_153913-scaled\/1242114409.jpg\" src=\"data:image\/svg+xml,%3Csvg%20xmlns%3D%22http%3A%2F%2Fwww.w3.org%2F2000%2Fsvg%22%20width%3D%22297%22%20height%3D%22297%22%20viewBox%3D%220%200%20297%20297%22%3E%3C%2Fsvg%3E\" loading=\"eager\"><\/span><span class=\"fg-image-overlay\"><\/span><\/a><\/figure><div class=\"fg-loader\"><\/div><\/div><div class=\"fg-item fg-type-image fg-idle\"><figure class=\"fg-item-inner\"><a href=\"https:\/\/www.greece4x4.com\/wp-content\/uploads\/IMG_20210916_110258-scaled.jpg\" data-attachment-id=\"7135\" data-type=\"image\" class=\"fg-thumb\"><span class=\"fg-image-wrap\"><img decoding=\"async\" width=\"297\" height=\"297\" class=\"skip-lazy fg-image\" data-src-fg=\"https:\/\/www.greece4x4.com\/wp-content\/uploads\/cache\/IMG_20210916_110258-scaled\/2428220917.jpg\" src=\"data:image\/svg+xml,%3Csvg%20xmlns%3D%22http%3A%2F%2Fwww.w3.org%2F2000%2Fsvg%22%20width%3D%22297%22%20height%3D%22297%22%20viewBox%3D%220%200%20297%20297%22%3E%3C%2Fsvg%3E\" loading=\"eager\"><\/span><span class=\"fg-image-overlay\"><\/span><\/a><\/figure><div class=\"fg-loader\"><\/div><\/div><div class=\"fg-item fg-type-image fg-idle\"><figure class=\"fg-item-inner\"><a href=\"https:\/\/www.greece4x4.com\/wp-content\/uploads\/IMG_20210915_173233-scaled.jpg\" data-attachment-id=\"7133\" data-type=\"image\" class=\"fg-thumb\"><span class=\"fg-image-wrap\"><img decoding=\"async\" width=\"297\" height=\"297\" class=\"skip-lazy fg-image\" data-src-fg=\"https:\/\/www.greece4x4.com\/wp-content\/uploads\/cache\/IMG_20210915_173233-scaled\/4190689119.jpg\" src=\"data:image\/svg+xml,%3Csvg%20xmlns%3D%22http%3A%2F%2Fwww.w3.org%2F2000%2Fsvg%22%20width%3D%22297%22%20height%3D%22297%22%20viewBox%3D%220%200%20297%20297%22%3E%3C%2Fsvg%3E\" loading=\"eager\"><\/span><span class=\"fg-image-overlay\"><\/span><\/a><\/figure><div class=\"fg-loader\"><\/div><\/div><div class=\"fg-item fg-type-image fg-idle\"><figure class=\"fg-item-inner\"><a href=\"https:\/\/www.greece4x4.com\/wp-content\/uploads\/IMG_20210915_172943-scaled.jpg\" data-attachment-id=\"7131\" data-type=\"image\" class=\"fg-thumb\"><span class=\"fg-image-wrap\"><img decoding=\"async\" width=\"297\" height=\"297\" class=\"skip-lazy fg-image\" data-src-fg=\"https:\/\/www.greece4x4.com\/wp-content\/uploads\/cache\/IMG_20210915_172943-scaled\/955924398.jpg\" src=\"data:image\/svg+xml,%3Csvg%20xmlns%3D%22http%3A%2F%2Fwww.w3.org%2F2000%2Fsvg%22%20width%3D%22297%22%20height%3D%22297%22%20viewBox%3D%220%200%20297%20297%22%3E%3C%2Fsvg%3E\" loading=\"eager\"><\/span><span class=\"fg-image-overlay\"><\/span><\/a><\/figure><div class=\"fg-loader\"><\/div><\/div><div class=\"fg-item fg-type-image fg-idle\"><figure class=\"fg-item-inner\"><a href=\"https:\/\/www.greece4x4.com\/wp-content\/uploads\/IMG_20190928_111335-scaled.jpg\" data-attachment-id=\"7129\" data-type=\"image\" class=\"fg-thumb\"><span class=\"fg-image-wrap\"><img decoding=\"async\" width=\"297\" height=\"297\" class=\"skip-lazy fg-image\" data-src-fg=\"https:\/\/www.greece4x4.com\/wp-content\/uploads\/cache\/IMG_20190928_111335-scaled\/250904977.jpg\" src=\"data:image\/svg+xml,%3Csvg%20xmlns%3D%22http%3A%2F%2Fwww.w3.org%2F2000%2Fsvg%22%20width%3D%22297%22%20height%3D%22297%22%20viewBox%3D%220%200%20297%20297%22%3E%3C%2Fsvg%3E\" loading=\"eager\"><\/span><span class=\"fg-image-overlay\"><\/span><\/a><\/figure><div class=\"fg-loader\"><\/div><\/div><div class=\"fg-item fg-type-image fg-idle\"><figure class=\"fg-item-inner\"><a href=\"https:\/\/www.greece4x4.com\/wp-content\/uploads\/IMG_20190925_133121-scaled.jpg\" data-attachment-id=\"7127\" data-type=\"image\" class=\"fg-thumb\"><span class=\"fg-image-wrap\"><img decoding=\"async\" width=\"297\" height=\"297\" class=\"skip-lazy fg-image\" data-src-fg=\"https:\/\/www.greece4x4.com\/wp-content\/uploads\/cache\/IMG_20190925_133121-scaled\/2491236394.jpg\" src=\"data:image\/svg+xml,%3Csvg%20xmlns%3D%22http%3A%2F%2Fwww.w3.org%2F2000%2Fsvg%22%20width%3D%22297%22%20height%3D%22297%22%20viewBox%3D%220%200%20297%20297%22%3E%3C%2Fsvg%3E\" loading=\"eager\"><\/span><span class=\"fg-image-overlay\"><\/span><\/a><\/figure><div class=\"fg-loader\"><\/div><\/div><div class=\"fg-item fg-type-image fg-idle\"><figure class=\"fg-item-inner\"><a href=\"https:\/\/www.greece4x4.com\/wp-content\/uploads\/IMG_20190923_121406-scaled.jpg\" data-attachment-id=\"7125\" data-type=\"image\" class=\"fg-thumb\"><span class=\"fg-image-wrap\"><img decoding=\"async\" width=\"297\" height=\"297\" class=\"skip-lazy fg-image\" data-src-fg=\"https:\/\/www.greece4x4.com\/wp-content\/uploads\/cache\/IMG_20190923_121406-scaled\/3131475451.jpg\" src=\"data:image\/svg+xml,%3Csvg%20xmlns%3D%22http%3A%2F%2Fwww.w3.org%2F2000%2Fsvg%22%20width%3D%22297%22%20height%3D%22297%22%20viewBox%3D%220%200%20297%20297%22%3E%3C%2Fsvg%3E\" loading=\"eager\"><\/span><span class=\"fg-image-overlay\"><\/span><\/a><\/figure><div class=\"fg-loader\"><\/div><\/div><div class=\"fg-item fg-type-image fg-idle\"><figure class=\"fg-item-inner\"><a href=\"https:\/\/www.greece4x4.com\/wp-content\/uploads\/IMG_20190923_115030-scaled.jpg\" data-attachment-id=\"7123\" data-type=\"image\" class=\"fg-thumb\"><span class=\"fg-image-wrap\"><img decoding=\"async\" width=\"297\" height=\"297\" class=\"skip-lazy fg-image\" data-src-fg=\"https:\/\/www.greece4x4.com\/wp-content\/uploads\/cache\/IMG_20190923_115030-scaled\/3226879258.jpg\" src=\"data:image\/svg+xml,%3Csvg%20xmlns%3D%22http%3A%2F%2Fwww.w3.org%2F2000%2Fsvg%22%20width%3D%22297%22%20height%3D%22297%22%20viewBox%3D%220%200%20297%20297%22%3E%3C%2Fsvg%3E\" loading=\"eager\"><\/span><span class=\"fg-image-overlay\"><\/span><\/a><\/figure><div class=\"fg-loader\"><\/div><\/div><div class=\"fg-item fg-type-image fg-idle\"><figure class=\"fg-item-inner\"><a href=\"https:\/\/www.greece4x4.com\/wp-content\/uploads\/34.jpg\" data-attachment-id=\"7121\" data-type=\"image\" class=\"fg-thumb\"><span class=\"fg-image-wrap\"><img decoding=\"async\" width=\"297\" height=\"297\" class=\"skip-lazy fg-image\" data-src-fg=\"https:\/\/www.greece4x4.com\/wp-content\/uploads\/cache\/34\/224480752.jpg\" src=\"data:image\/svg+xml,%3Csvg%20xmlns%3D%22http%3A%2F%2Fwww.w3.org%2F2000%2Fsvg%22%20width%3D%22297%22%20height%3D%22297%22%20viewBox%3D%220%200%20297%20297%22%3E%3C%2Fsvg%3E\" loading=\"eager\"><\/span><span class=\"fg-image-overlay\"><\/span><\/a><\/figure><div class=\"fg-loader\"><\/div><\/div><div class=\"fg-item fg-type-image fg-idle\"><figure class=\"fg-item-inner\"><a href=\"https:\/\/www.greece4x4.com\/wp-content\/uploads\/23.jpg\" data-caption-title=\"OLYMPUS DIGITAL CAMERA\" data-attachment-id=\"7119\" data-type=\"image\" class=\"fg-thumb\"><span class=\"fg-image-wrap\"><img decoding=\"async\" title=\"OLYMPUS DIGITAL CAMERA\" width=\"297\" height=\"297\" class=\"skip-lazy fg-image\" data-src-fg=\"https:\/\/www.greece4x4.com\/wp-content\/uploads\/cache\/23\/1757694531.jpg\" src=\"data:image\/svg+xml,%3Csvg%20xmlns%3D%22http%3A%2F%2Fwww.w3.org%2F2000%2Fsvg%22%20width%3D%22297%22%20height%3D%22297%22%20viewBox%3D%220%200%20297%20297%22%3E%3C%2Fsvg%3E\" loading=\"eager\"><\/span><span class=\"fg-image-overlay\"><\/span><\/a><figcaption class=\"fg-caption\"><div class=\"fg-caption-inner\"><div class=\"fg-caption-title\">OLYMPUS DIGITAL CAMERA<\/div><\/div><\/figcaption><\/figure><div class=\"fg-loader\"><\/div><\/div><div class=\"fg-item fg-type-image fg-idle\"><figure class=\"fg-item-inner\"><a href=\"https:\/\/www.greece4x4.com\/wp-content\/uploads\/17.jpg\" data-attachment-id=\"7117\" data-type=\"image\" class=\"fg-thumb\"><span class=\"fg-image-wrap\"><img decoding=\"async\" width=\"297\" height=\"297\" class=\"skip-lazy fg-image\" data-src-fg=\"https:\/\/www.greece4x4.com\/wp-content\/uploads\/cache\/17\/1881255876.jpg\" src=\"data:image\/svg+xml,%3Csvg%20xmlns%3D%22http%3A%2F%2Fwww.w3.org%2F2000%2Fsvg%22%20width%3D%22297%22%20height%3D%22297%22%20viewBox%3D%220%200%20297%20297%22%3E%3C%2Fsvg%3E\" loading=\"eager\"><\/span><span class=\"fg-image-overlay\"><\/span><\/a><\/figure><div class=\"fg-loader\"><\/div><\/div><div class=\"fg-item fg-type-image fg-idle\"><figure class=\"fg-item-inner\"><a href=\"https:\/\/www.greece4x4.com\/wp-content\/uploads\/16.jpg\" data-attachment-id=\"7115\" data-type=\"image\" class=\"fg-thumb\"><span class=\"fg-image-wrap\"><img decoding=\"async\" width=\"297\" height=\"297\" class=\"skip-lazy fg-image\" data-src-fg=\"https:\/\/www.greece4x4.com\/wp-content\/uploads\/cache\/16\/2251305938.jpg\" src=\"data:image\/svg+xml,%3Csvg%20xmlns%3D%22http%3A%2F%2Fwww.w3.org%2F2000%2Fsvg%22%20width%3D%22297%22%20height%3D%22297%22%20viewBox%3D%220%200%20297%20297%22%3E%3C%2Fsvg%3E\" loading=\"eager\"><\/span><span class=\"fg-image-overlay\"><\/span><\/a><\/figure><div class=\"fg-loader\"><\/div><\/div><\/div>\n<\/p>\n<\/div>\n<\/div><\/div><\/div><\/div><\/div>","protected":false},"excerpt":{"rendered":"<p>Road Book 4&#215;4 Cr\u00e8te<\/p>\n","protected":false},"author":2,"featured_media":0,"parent":0,"menu_order":0,"comment_status":"closed","ping_status":"closed","template":"","meta":{"footnotes":""},"folder":[],"class_list":["post-7178","page","type-page","status-publish","hentry","entry"],"_links":{"self":[{"href":"https:\/\/www.greece4x4.com\/fr\/wp-json\/wp\/v2\/pages\/7178","targetHints":{"allow":["GET"]}}],"collection":[{"href":"https:\/\/www.greece4x4.com\/fr\/wp-json\/wp\/v2\/pages"}],"about":[{"href":"https:\/\/www.greece4x4.com\/fr\/wp-json\/wp\/v2\/types\/page"}],"author":[{"embeddable":true,"href":"https:\/\/www.greece4x4.com\/fr\/wp-json\/wp\/v2\/users\/2"}],"replies":[{"embeddable":true,"href":"https:\/\/www.greece4x4.com\/fr\/wp-json\/wp\/v2\/comments?post=7178"}],"version-history":[{"count":21,"href":"https:\/\/www.greece4x4.com\/fr\/wp-json\/wp\/v2\/pages\/7178\/revisions"}],"predecessor-version":[{"id":7400,"href":"https:\/\/www.greece4x4.com\/fr\/wp-json\/wp\/v2\/pages\/7178\/revisions\/7400"}],"wp:attachment":[{"href":"https:\/\/www.greece4x4.com\/fr\/wp-json\/wp\/v2\/media?parent=7178"}],"wp:term":[{"taxonomy":"folder","embeddable":true,"href":"https:\/\/www.greece4x4.com\/fr\/wp-json\/wp\/v2\/folder?post=7178"}],"curies":[{"name":"wp","href":"https:\/\/api.w.org\/{rel}","templated":true}]}}