{"id":7067,"date":"2022-04-11T19:49:53","date_gmt":"2022-04-11T16:49:53","guid":{"rendered":"https:\/\/www.greece4x4.com\/?page_id=7067"},"modified":"2023-01-19T18:11:50","modified_gmt":"2023-01-19T16:11:50","slug":"road-book-4x4-grece-peloponnese","status":"publish","type":"page","link":"https:\/\/www.greece4x4.com\/fr\/road-book-4x4-grece-peloponnese\/","title":{"rendered":"Road Book 4&#215;4 Gr\u00e8ce (P\u00e9loponn\u00e8se)"},"content":{"rendered":"<div id=\"pl-7067\"  class=\"panel-layout\" ><div id=\"pg-7067-0\"  class=\"panel-grid panel-no-style\" ><div id=\"pgc-7067-0-0\"  class=\"panel-grid-cell\" ><div id=\"panel-7067-0-0-0\" class=\"so-panel widget widget_sow-editor panel-first-child panel-last-child\" data-index=\"0\" ><div class=\"panel-widget-style panel-widget-style-for-7067-0-0-0\" ><div\n\t\t\t\n\t\t\tclass=\"so-widget-sow-editor so-widget-sow-editor-base\"\n\t\t\t\n\t\t>\n<div class=\"siteorigin-widget-tinymce textwidget\">\n\t<h1 style=\"text-align: center;\">Road Book 4x4<\/h1>\n<h1 style=\"color: red; text-align: center;\">Gr\u00e8ce (P\u00e9loponn\u00e8se)<\/h1>\n<\/div>\n<\/div><\/div><\/div><\/div><\/div><div id=\"pg-7067-1\"  class=\"panel-grid panel-no-style\" ><div id=\"pgc-7067-1-0\"  class=\"panel-grid-cell\" ><div id=\"panel-7067-1-0-0\" class=\"so-panel widget widget_sow-image panel-first-child panel-last-child\" data-index=\"1\" ><div class=\"main_roadbook_picture panel-widget-style panel-widget-style-for-7067-1-0-0\" ><div\n\t\t\t\n\t\t\tclass=\"so-widget-sow-image so-widget-sow-image-default-113ccd71f3e6-7067\"\n\t\t\t\n\t\t>\n<div class=\"sow-image-container\">\n\t\t<img \n\tsrc=\"https:\/\/www.greece4x4.com\/wp-content\/uploads\/Peloponnese_resized-600x400.jpg\" width=\"600\" height=\"400\" srcset=\"https:\/\/www.greece4x4.com\/wp-content\/uploads\/Peloponnese_resized-600x400.jpg 600w, https:\/\/www.greece4x4.com\/wp-content\/uploads\/Peloponnese_resized-272x182.jpg 272w\" sizes=\"(max-width: 600px) 100vw, 600px\" title=\"Peloponnese_resized\" alt=\"\" \t\tclass=\"so-widget-image\"\/>\n\t<\/div>\n\n<\/div><\/div><\/div><\/div><\/div><div id=\"pg-7067-2\"  class=\"panel-grid panel-no-style\" ><div id=\"pgc-7067-2-0\"  class=\"panel-grid-cell\" ><div id=\"panel-7067-2-0-0\" class=\"so-panel widget widget_sow-editor panel-first-child panel-last-child\" data-index=\"2\" ><div\n\t\t\t\n\t\t\tclass=\"so-widget-sow-editor so-widget-sow-editor-base\"\n\t\t\t\n\t\t>\n<div class=\"siteorigin-widget-tinymce textwidget\">\n\t<p>Le P\u00e9loponn\u00e8se est une destination touristique avec une histoire riche et des paysages extr\u00eamement vari\u00e9s. Repr\u00e9sentant tout ce qu\u2019on peut d\u00e9sirer en M\u00e9diterran\u00e9e, il offre \u00e0 chacun ce qu\u2019il d\u00e9sire. Des destinations d\u2019une beaut\u00e9 authentique, chacune avec ses propres caract\u00e9ristiques, d\u00e9sireuses de vo us accueillir toute l'ann\u00e9e : le th\u00e9\u00e2tre antique d'Epidaure, probablement le plus beau th\u00e9\u00e2tre en plein air dans le monde. L\u2019ancienne Olympie le berceau des Jeux Olympiques parmi les plus importants sites arch\u00e9ologiques en Gr\u00e8ce. Des monuments antiques uniques, des forteresses m\u00e9di\u00e9vales, des villages pittoresques et une nature d\u2019une beaut\u00e9 rarissime. Le P\u00e9loponn\u00e8se est beaucoup plus qu\u2019une c\u00f4te infinie avec des plages impressionnantes. L\u2019ancienne Olympie le berceau des Jeux Olympiques parmi les plus importants sites arch\u00e9ologiques en Gr\u00e8ce. Des monuments antiques uniques, des forteresses m\u00e9di\u00e9vales, des villages pittoresques et une nature d\u2019une beaut\u00e9 rarissime. Le P\u00e9loponn\u00e8se est beaucoup plus qu\u2019une c\u00f4te infinie avec des plages impressionnantes.<\/p>\n<\/div>\n<\/div><\/div><\/div><\/div><div id=\"pg-7067-3\"  class=\"panel-grid panel-no-style\" ><div id=\"pgc-7067-3-0\"  class=\"panel-grid-cell\" ><div id=\"panel-7067-3-0-0\" class=\"so-panel widget widget_sow-editor panel-first-child\" data-index=\"3\" ><div\n\t\t\t\n\t\t\tclass=\"so-widget-sow-editor so-widget-sow-editor-base\"\n\t\t\t\n\t\t>\n<div class=\"siteorigin-widget-tinymce textwidget\">\n\t<p><strong>Tarif (ttc &amp; frais de poste compris) :<\/strong> 150\u20ac<\/p>\n<p><strong>Fiche Technique :<\/strong><br \/>\n- Pour v\u00e9hicules 4x4 sans pr\u00e9paration particuli\u00e8re.<br \/>\n- Niveau de Difficult\u00e9 : Faible \u00e0 moyenne<br \/>\n- Ce parcours fait 1.823km (dont 563km de pistes). Il est r\u00e9alisable en 11 jours.<br \/>\n- <strong>Vous recevrez par mail les points gps et la trace du parcours pour chaque \u00e9tape en format gpx.<\/strong><br \/>\n- Ce parcours peut se faire d'avril \u00e0 d\u00e9cembre. \u00c0 certaines pistes d'altitudes peut avoir la neige (surtout d\u00e9but avril et mi-d\u00e9cembre).<br \/>\n- Pneus tout-terrain, roue de secours, gonfleur \u00e9lectrique, sangles, pharmacie compl\u00e8te, mat\u00e9riel de camping et de navigation.<\/p>\n<\/div>\n<\/div><\/div><div id=\"panel-7067-3-0-1\" class=\"so-panel widget widget_sow-editor panel-last-child\" data-index=\"4\" ><div class=\"panel-widget-style panel-widget-style-for-7067-3-0-1\" ><div\n\t\t\t\n\t\t\tclass=\"so-widget-sow-editor so-widget-sow-editor-base\"\n\t\t\t\n\t\t>\n<div class=\"siteorigin-widget-tinymce textwidget\">\n\t<p><strong>Tarif (ttc &amp; frais de poste compris) :<\/strong> 160\u20ac - 25% = <strong style=\"color: red;\">120\u20ac<\/strong><br \/>\n<strong>Une offre pour No\u00ebl pour vous ou vos amis avec un achat jusqu'au 30 Novembre 2022.<\/strong><\/p>\n<p><a style=\"color: red;\" href=\"https:\/\/www.greece4x4.com\/wp-content\/uploads\/Bon-de-Commande-Road-Book-1.pdf\" download=\"\">Bon de Commande<\/a><\/p>\n<p><strong>Fiche Technique :<\/strong><br \/>\n- Pour v\u00e9hicules 4x4 sans pr\u00e9paration particuli\u00e8re.<br \/>\n- Niveau de Difficult\u00e9 : Faible \u00e0 moyenne<br \/>\n- Ce parcours fait 1.823km (dont 563km de pistes). Il est r\u00e9alisable en 11 jours.<br \/>\n- <strong>Vous recevrez par mail les points gps et la trace du parcours pour chaque \u00e9tape en format gpx.<\/strong><br \/>\n- Ce parcours peut se faire d'avril \u00e0 d\u00e9cembre. \u00c0 certaines pistes d'altitudes peut avoir la neige (surtout d\u00e9but avril et mi-d\u00e9cembre).<br \/>\n- Pneus tout-terrain, roue de secours, gonfleur \u00e9lectrique, sangles, pharmacie compl\u00e8te, mat\u00e9riel de camping et de navigation.<\/p>\n<\/div>\n<\/div><\/div><\/div><\/div><div id=\"pgc-7067-3-1\"  class=\"panel-grid-cell\" ><div id=\"panel-7067-3-1-0\" class=\"so-panel widget widget_sow-editor panel-first-child panel-last-child\" data-index=\"5\" ><div\n\t\t\t\n\t\t\tclass=\"so-widget-sow-editor so-widget-sow-editor-base\"\n\t\t\t\n\t\t>\n<div class=\"siteorigin-widget-tinymce textwidget\">\n\t<p><a href=\"https:\/\/www.greece4x4.com\/wp-content\/uploads\/Map-Peloponnese.jpg\"><img loading=\"lazy\" decoding=\"async\" class=\"wp-image-7278 size-full aligncenter\" src=\"https:\/\/www.greece4x4.com\/wp-content\/uploads\/Map-Peloponnese.jpg\" alt=\"\" width=\"1065\" height=\"940\" srcset=\"https:\/\/www.greece4x4.com\/wp-content\/uploads\/Map-Peloponnese.jpg 1065w, https:\/\/www.greece4x4.com\/wp-content\/uploads\/Map-Peloponnese-300x265.jpg 300w, https:\/\/www.greece4x4.com\/wp-content\/uploads\/Map-Peloponnese-1024x904.jpg 1024w, https:\/\/www.greece4x4.com\/wp-content\/uploads\/Map-Peloponnese-768x678.jpg 768w\" sizes=\"auto, (max-width: 1065px) 100vw, 1065px\" \/><\/a><\/p>\n<\/div>\n<\/div><\/div><\/div><\/div><div id=\"pg-7067-4\"  class=\"panel-grid panel-no-style\" ><div id=\"pgc-7067-4-0\"  class=\"panel-grid-cell\" ><div id=\"panel-7067-4-0-0\" class=\"so-panel widget widget_sow-editor panel-first-child panel-last-child\" data-index=\"6\" ><div\n\t\t\t\n\t\t\tclass=\"so-widget-sow-editor so-widget-sow-editor-base\"\n\t\t\t\n\t\t>\n<div class=\"siteorigin-widget-tinymce textwidget\">\n\t<p><strong>Points forts :<\/strong><br \/>\nParcours organis\u00e9 exclusivement sur le P\u00e9loponn\u00e8se avec la garantie de George Margioris (Gr\u00e8ce 4x4 Raids).<br \/>\n Plus de 10 ans d\u2019exp\u00e9rience sur place tant qu\u2019organisateur des voyages 4x4.<br \/>\nAncien Th\u00e9\u00e2tre d\u2019Epidaure, Ancienne Olympie, Ancienne Mess\u00e8ne, Monemvasia, Nauplie, villages pittoresques et beaucoup d\u2019autres\u2026<br \/>\nLes plus belles pistes et magnifique bivouacs au bord de la mer et montagnes.<\/p>\n<p><strong>Etapes : <\/strong><br \/>\n<strong>Jour 1 : <\/strong>Port de Patra- Plage Gianniskari (55km)<br \/>\n<strong>Jour 2 : <\/strong>Gianniskari-Erymanthe-Foret Foloi-Zacharo-Samiko (215km)<br \/>\n<strong>Jour 3 : <\/strong>Samiko-Olympie-Zacharo-Kyparissia-Gialova (155km)<br \/>\n<strong>Jour 4 : <\/strong>Gialova- Ancienne Mess\u00e8ne-Stemnitsa (197km)<br \/>\n<strong>Jour 5 : <\/strong>Stemnitsa-Zigovisti-Dimitsana-Sparte-Mystras (179km)<br \/>\n<strong>Jour 6 : <\/strong>Mystras-Mont Taygete-Skala (112km)<br \/>\n<strong>Jour 7 : <\/strong>Skala-Plage Pounta-Monemvasia- Plage Reichia (143km)<br \/>\n<strong>Jour 8 : <\/strong>Reichia-Poulithra-Leonidio-Astros (151km)<br \/>\n<strong>Jour 9 : <\/strong>Astros-Tyrinthe-Nauplie (Nafplio)-Palamidi-Epidaure-Kandia (91km)<br \/>\n<strong>Jour 10 : <\/strong>Kandia-Corinthe-Loutraki-Perahora (159km)<br \/>\n<strong>Jour 11 : <\/strong>Perachora-Corinthe-Messino-Lac Feneos-Lac Tsivlou (247km)<br \/>\n<strong>Jour 12 : <\/strong>Lac Tsivlou-Kalavryta-Plataniotisa-Leontio-Chalandritsa-Patra (118km) <\/p>\n<p><strong>S\u00e9curit\u00e9 :<\/strong><br \/>\nSur la base de notre exp\u00e9rience, les itin\u00e9raires sont con\u00e7us pour votre s\u00e9curit\u00e9 absolue et atteindre votre destination de la journ\u00e9e sans casser vos 4x4.<br \/>\nLa protection de l'environnement dans les r\u00e9gions que vous visitez est un investissement pour les g\u00e9n\u00e9rations futures. C'est pourquoi vous veillez \u00e0 ce que votre trace reste sur la piste et n'endommage pas l'environnement naturel.<\/p>\n<p><strong>Notes importantes :<\/strong><br \/>\n1. Merci de saisir correctement votre adresse sur le formulaire de contact de notre site afin d'\u00e9viter le retour du colis par la poste. Notre soci\u00e9t\u00e9 d\u00e9cline toute responsabilit\u00e9.<br \/>\n2. L'envoi s'effectue par colis recommand\u00e9.<br \/>\n3. Apr\u00e8s le solde vous recevrez un mail avec la confirmation de votre commande et le num\u00e9ro d\u2019exp\u00e9dition pour le suivi de colis.<br \/>\n4. Le road book ne sera ni repris ni \u00e9chang\u00e9.<br \/>\n5. Les textes du road book sont en Fran\u00e7ais<br \/>\n6. 1 livre en format A4. \u00c0 certaines \u00e9tapes, vous aurez quelques informations sur ce que vous visiterez.<\/p>\n<\/div>\n<\/div><\/div><\/div><\/div><div id=\"pg-7067-5\"  class=\"panel-grid panel-no-style\" ><div id=\"pgc-7067-5-0\"  class=\"panel-grid-cell\" ><div id=\"panel-7067-5-0-0\" class=\"so-panel widget widget_sow-editor panel-first-child panel-last-child\" data-index=\"7\" ><div\n\t\t\t\n\t\t\tclass=\"so-widget-sow-editor so-widget-sow-editor-base\"\n\t\t\t\n\t\t>\n<div class=\"siteorigin-widget-tinymce textwidget\">\n\t<p style=\"text-align: center;\"><strong>Photos<\/strong><\/p>\n<p style=\"text-align: center;\"><style type=\"text\/css\">\n#foogallery-gallery-7085 .fg-image { width: 297px; }\n#foogallery-gallery-7085 { --fg-gutter: 0px; }<\/style>\n\t\t\t<div class=\"foogallery foogallery-container foogallery-default foogallery-lightbox-foobox fg-center fg-default fg-ready fg-light fg-loading-partial fg-loaded-fade-in fg-hover-fade fg-hover-eye\" id=\"foogallery-gallery-7085\" data-foogallery=\"{&quot;item&quot;:{&quot;showCaptionTitle&quot;:true,&quot;showCaptionDescription&quot;:true},&quot;lazy&quot;:true}\" style=\"--fg-title-line-clamp: 0; --fg-description-line-clamp: 0;\" >\n\t<div class=\"fg-item fg-type-image fg-idle\"><figure class=\"fg-item-inner\"><a href=\"https:\/\/www.greece4x4.com\/wp-content\/uploads\/1.jpeg\" data-attachment-id=\"7087\" data-type=\"image\" class=\"fg-thumb\"><span class=\"fg-image-wrap\"><img fetchpriority=\"high\" decoding=\"async\" width=\"297\" height=\"297\" class=\"skip-lazy fg-image\" data-src-fg=\"https:\/\/www.greece4x4.com\/wp-content\/uploads\/cache\/1\/3923141198.jpeg\" src=\"data:image\/svg+xml,%3Csvg%20xmlns%3D%22http%3A%2F%2Fwww.w3.org%2F2000%2Fsvg%22%20width%3D%22297%22%20height%3D%22297%22%20viewBox%3D%220%200%20297%20297%22%3E%3C%2Fsvg%3E\" loading=\"eager\"><\/span><span class=\"fg-image-overlay\"><\/span><\/a><\/figure><div class=\"fg-loader\"><\/div><\/div><div class=\"fg-item fg-type-image fg-idle\"><figure class=\"fg-item-inner\"><a href=\"https:\/\/www.greece4x4.com\/wp-content\/uploads\/2.jpg\" data-attachment-id=\"7089\" data-type=\"image\" class=\"fg-thumb\"><span class=\"fg-image-wrap\"><img decoding=\"async\" width=\"297\" height=\"297\" class=\"skip-lazy fg-image\" data-src-fg=\"https:\/\/www.greece4x4.com\/wp-content\/uploads\/cache\/2\/20056594.jpg\" src=\"data:image\/svg+xml,%3Csvg%20xmlns%3D%22http%3A%2F%2Fwww.w3.org%2F2000%2Fsvg%22%20width%3D%22297%22%20height%3D%22297%22%20viewBox%3D%220%200%20297%20297%22%3E%3C%2Fsvg%3E\" loading=\"eager\"><\/span><span class=\"fg-image-overlay\"><\/span><\/a><\/figure><div class=\"fg-loader\"><\/div><\/div><div class=\"fg-item fg-type-image fg-idle\"><figure class=\"fg-item-inner\"><a href=\"https:\/\/www.greece4x4.com\/wp-content\/uploads\/3.jpg\" data-attachment-id=\"7091\" data-type=\"image\" class=\"fg-thumb\"><span class=\"fg-image-wrap\"><img decoding=\"async\" width=\"297\" height=\"297\" class=\"skip-lazy fg-image\" data-src-fg=\"https:\/\/www.greece4x4.com\/wp-content\/uploads\/cache\/3\/3958431052.jpg\" src=\"data:image\/svg+xml,%3Csvg%20xmlns%3D%22http%3A%2F%2Fwww.w3.org%2F2000%2Fsvg%22%20width%3D%22297%22%20height%3D%22297%22%20viewBox%3D%220%200%20297%20297%22%3E%3C%2Fsvg%3E\" loading=\"eager\"><\/span><span class=\"fg-image-overlay\"><\/span><\/a><\/figure><div class=\"fg-loader\"><\/div><\/div><div class=\"fg-item fg-type-image fg-idle\"><figure class=\"fg-item-inner\"><a href=\"https:\/\/www.greece4x4.com\/wp-content\/uploads\/4.jpg\" data-attachment-id=\"7093\" data-type=\"image\" class=\"fg-thumb\"><span class=\"fg-image-wrap\"><img decoding=\"async\" width=\"297\" height=\"297\" class=\"skip-lazy fg-image\" data-src-fg=\"https:\/\/www.greece4x4.com\/wp-content\/uploads\/cache\/4\/4026044980.jpg\" src=\"data:image\/svg+xml,%3Csvg%20xmlns%3D%22http%3A%2F%2Fwww.w3.org%2F2000%2Fsvg%22%20width%3D%22297%22%20height%3D%22297%22%20viewBox%3D%220%200%20297%20297%22%3E%3C%2Fsvg%3E\" loading=\"eager\"><\/span><span class=\"fg-image-overlay\"><\/span><\/a><\/figure><div class=\"fg-loader\"><\/div><\/div><div class=\"fg-item fg-type-image fg-idle\"><figure class=\"fg-item-inner\"><a href=\"https:\/\/www.greece4x4.com\/wp-content\/uploads\/5.jpg\" data-attachment-id=\"7095\" data-type=\"image\" class=\"fg-thumb\"><span class=\"fg-image-wrap\"><img decoding=\"async\" width=\"297\" height=\"297\" class=\"skip-lazy fg-image\" data-src-fg=\"https:\/\/www.greece4x4.com\/wp-content\/uploads\/cache\/5\/805656585.jpg\" src=\"data:image\/svg+xml,%3Csvg%20xmlns%3D%22http%3A%2F%2Fwww.w3.org%2F2000%2Fsvg%22%20width%3D%22297%22%20height%3D%22297%22%20viewBox%3D%220%200%20297%20297%22%3E%3C%2Fsvg%3E\" loading=\"eager\"><\/span><span class=\"fg-image-overlay\"><\/span><\/a><\/figure><div class=\"fg-loader\"><\/div><\/div><div class=\"fg-item fg-type-image fg-idle\"><figure class=\"fg-item-inner\"><a href=\"https:\/\/www.greece4x4.com\/wp-content\/uploads\/6.jpg\" data-caption-title=\"OLYMPUS DIGITAL CAMERA\" data-attachment-id=\"7097\" data-type=\"image\" class=\"fg-thumb\"><span class=\"fg-image-wrap\"><img decoding=\"async\" title=\"OLYMPUS DIGITAL CAMERA\" width=\"297\" height=\"297\" class=\"skip-lazy fg-image\" data-src-fg=\"https:\/\/www.greece4x4.com\/wp-content\/uploads\/cache\/6\/2957449611.jpg\" src=\"data:image\/svg+xml,%3Csvg%20xmlns%3D%22http%3A%2F%2Fwww.w3.org%2F2000%2Fsvg%22%20width%3D%22297%22%20height%3D%22297%22%20viewBox%3D%220%200%20297%20297%22%3E%3C%2Fsvg%3E\" loading=\"eager\"><\/span><span class=\"fg-image-overlay\"><\/span><\/a><figcaption class=\"fg-caption\"><div class=\"fg-caption-inner\"><div class=\"fg-caption-title\">OLYMPUS DIGITAL CAMERA<\/div><\/div><\/figcaption><\/figure><div class=\"fg-loader\"><\/div><\/div><div class=\"fg-item fg-type-image fg-idle\"><figure class=\"fg-item-inner\"><a href=\"https:\/\/www.greece4x4.com\/wp-content\/uploads\/7.jpg\" data-attachment-id=\"7099\" data-type=\"image\" class=\"fg-thumb\"><span class=\"fg-image-wrap\"><img decoding=\"async\" width=\"297\" height=\"297\" class=\"skip-lazy fg-image\" data-src-fg=\"https:\/\/www.greece4x4.com\/wp-content\/uploads\/cache\/7\/1418709554.jpg\" src=\"data:image\/svg+xml,%3Csvg%20xmlns%3D%22http%3A%2F%2Fwww.w3.org%2F2000%2Fsvg%22%20width%3D%22297%22%20height%3D%22297%22%20viewBox%3D%220%200%20297%20297%22%3E%3C%2Fsvg%3E\" loading=\"eager\"><\/span><span class=\"fg-image-overlay\"><\/span><\/a><\/figure><div class=\"fg-loader\"><\/div><\/div><div class=\"fg-item fg-type-image fg-idle\"><figure class=\"fg-item-inner\"><a href=\"https:\/\/www.greece4x4.com\/wp-content\/uploads\/8.jpg\" data-attachment-id=\"7101\" data-type=\"image\" class=\"fg-thumb\"><span class=\"fg-image-wrap\"><img decoding=\"async\" width=\"297\" height=\"297\" class=\"skip-lazy fg-image\" data-src-fg=\"https:\/\/www.greece4x4.com\/wp-content\/uploads\/cache\/8\/814064953.jpg\" src=\"data:image\/svg+xml,%3Csvg%20xmlns%3D%22http%3A%2F%2Fwww.w3.org%2F2000%2Fsvg%22%20width%3D%22297%22%20height%3D%22297%22%20viewBox%3D%220%200%20297%20297%22%3E%3C%2Fsvg%3E\" loading=\"eager\"><\/span><span class=\"fg-image-overlay\"><\/span><\/a><\/figure><div class=\"fg-loader\"><\/div><\/div><div class=\"fg-item fg-type-image fg-idle\"><figure class=\"fg-item-inner\"><a href=\"https:\/\/www.greece4x4.com\/wp-content\/uploads\/9.jpg\" data-attachment-id=\"7103\" data-type=\"image\" class=\"fg-thumb\"><span class=\"fg-image-wrap\"><img decoding=\"async\" width=\"297\" height=\"297\" class=\"skip-lazy fg-image\" data-src-fg=\"https:\/\/www.greece4x4.com\/wp-content\/uploads\/cache\/9\/4074955718.jpg\" src=\"data:image\/svg+xml,%3Csvg%20xmlns%3D%22http%3A%2F%2Fwww.w3.org%2F2000%2Fsvg%22%20width%3D%22297%22%20height%3D%22297%22%20viewBox%3D%220%200%20297%20297%22%3E%3C%2Fsvg%3E\" loading=\"eager\"><\/span><span class=\"fg-image-overlay\"><\/span><\/a><\/figure><div class=\"fg-loader\"><\/div><\/div><div class=\"fg-item fg-type-image fg-idle\"><figure class=\"fg-item-inner\"><a href=\"https:\/\/www.greece4x4.com\/wp-content\/uploads\/10.jpg\" data-attachment-id=\"7105\" data-type=\"image\" class=\"fg-thumb\"><span class=\"fg-image-wrap\"><img decoding=\"async\" width=\"297\" height=\"297\" class=\"skip-lazy fg-image\" data-src-fg=\"https:\/\/www.greece4x4.com\/wp-content\/uploads\/cache\/10\/3541566443.jpg\" src=\"data:image\/svg+xml,%3Csvg%20xmlns%3D%22http%3A%2F%2Fwww.w3.org%2F2000%2Fsvg%22%20width%3D%22297%22%20height%3D%22297%22%20viewBox%3D%220%200%20297%20297%22%3E%3C%2Fsvg%3E\" loading=\"eager\"><\/span><span class=\"fg-image-overlay\"><\/span><\/a><\/figure><div class=\"fg-loader\"><\/div><\/div><div class=\"fg-item fg-type-image fg-idle\"><figure class=\"fg-item-inner\"><a href=\"https:\/\/www.greece4x4.com\/wp-content\/uploads\/11.jpg\" data-attachment-id=\"7107\" data-type=\"image\" class=\"fg-thumb\"><span class=\"fg-image-wrap\"><img decoding=\"async\" width=\"297\" height=\"297\" class=\"skip-lazy fg-image\" data-src-fg=\"https:\/\/www.greece4x4.com\/wp-content\/uploads\/cache\/11\/621387773.jpg\" src=\"data:image\/svg+xml,%3Csvg%20xmlns%3D%22http%3A%2F%2Fwww.w3.org%2F2000%2Fsvg%22%20width%3D%22297%22%20height%3D%22297%22%20viewBox%3D%220%200%20297%20297%22%3E%3C%2Fsvg%3E\" loading=\"eager\"><\/span><span class=\"fg-image-overlay\"><\/span><\/a><\/figure><div class=\"fg-loader\"><\/div><\/div><div class=\"fg-item fg-type-image fg-idle\"><figure class=\"fg-item-inner\"><a href=\"https:\/\/www.greece4x4.com\/wp-content\/uploads\/12.jpg\" data-attachment-id=\"7109\" data-type=\"image\" class=\"fg-thumb\"><span class=\"fg-image-wrap\"><img decoding=\"async\" width=\"297\" height=\"297\" class=\"skip-lazy fg-image\" data-src-fg=\"https:\/\/www.greece4x4.com\/wp-content\/uploads\/cache\/12\/245649318.jpg\" src=\"data:image\/svg+xml,%3Csvg%20xmlns%3D%22http%3A%2F%2Fwww.w3.org%2F2000%2Fsvg%22%20width%3D%22297%22%20height%3D%22297%22%20viewBox%3D%220%200%20297%20297%22%3E%3C%2Fsvg%3E\" loading=\"eager\"><\/span><span class=\"fg-image-overlay\"><\/span><\/a><\/figure><div class=\"fg-loader\"><\/div><\/div><\/div>\n<\/p>\n<\/div>\n<\/div><\/div><\/div><\/div><\/div>","protected":false},"excerpt":{"rendered":"<p>Road Book 4&#215;4 Gr\u00e8ce (P\u00e9loponn\u00e8se)<\/p>\n","protected":false},"author":2,"featured_media":0,"parent":0,"menu_order":0,"comment_status":"closed","ping_status":"closed","template":"","meta":{"footnotes":""},"folder":[],"class_list":["post-7067","page","type-page","status-publish","hentry","entry"],"_links":{"self":[{"href":"https:\/\/www.greece4x4.com\/fr\/wp-json\/wp\/v2\/pages\/7067","targetHints":{"allow":["GET"]}}],"collection":[{"href":"https:\/\/www.greece4x4.com\/fr\/wp-json\/wp\/v2\/pages"}],"about":[{"href":"https:\/\/www.greece4x4.com\/fr\/wp-json\/wp\/v2\/types\/page"}],"author":[{"embeddable":true,"href":"https:\/\/www.greece4x4.com\/fr\/wp-json\/wp\/v2\/users\/2"}],"replies":[{"embeddable":true,"href":"https:\/\/www.greece4x4.com\/fr\/wp-json\/wp\/v2\/comments?post=7067"}],"version-history":[{"count":54,"href":"https:\/\/www.greece4x4.com\/fr\/wp-json\/wp\/v2\/pages\/7067\/revisions"}],"predecessor-version":[{"id":7399,"href":"https:\/\/www.greece4x4.com\/fr\/wp-json\/wp\/v2\/pages\/7067\/revisions\/7399"}],"wp:attachment":[{"href":"https:\/\/www.greece4x4.com\/fr\/wp-json\/wp\/v2\/media?parent=7067"}],"wp:term":[{"taxonomy":"folder","embeddable":true,"href":"https:\/\/www.greece4x4.com\/fr\/wp-json\/wp\/v2\/folder?post=7067"}],"curies":[{"name":"wp","href":"https:\/\/api.w.org\/{rel}","templated":true}]}}