{"id":6942,"date":"2022-02-04T11:15:13","date_gmt":"2022-02-04T09:15:13","guid":{"rendered":"https:\/\/www.greece4x4.com\/?page_id=6942"},"modified":"2022-02-04T11:21:39","modified_gmt":"2022-02-04T09:21:39","slug":"gordon-raid-videos","status":"publish","type":"page","link":"https:\/\/www.greece4x4.com\/fr\/videos\/gordon-raid-videos\/","title":{"rendered":"Gordon Raid Videos"},"content":{"rendered":"<div id=\"pl-6942\"  class=\"panel-layout\" ><div id=\"pg-6942-0\"  class=\"panel-grid panel-no-style\" ><div id=\"pgc-6942-0-0\"  class=\"panel-grid-cell\" ><div id=\"panel-6942-0-0-0\" class=\"so-panel widget widget_sow-editor panel-first-child panel-last-child\" data-index=\"0\" ><div\n\t\t\t\n\t\t\tclass=\"so-widget-sow-editor so-widget-sow-editor-base\"\n\t\t\t\n\t\t>\n<div class=\"siteorigin-widget-tinymce textwidget\">\n\t<h1 style=\"text-align: center;\">Gordon Raid Videos<\/h1>\n<\/div>\n<\/div><\/div><\/div><\/div><div id=\"pg-6942-1\"  class=\"panel-grid panel-no-style\" ><div id=\"pgc-6942-1-0\"  class=\"panel-grid-cell\" ><div id=\"panel-6942-1-0-0\" class=\"so-panel widget widget_sow-editor panel-first-child panel-last-child\" data-index=\"1\" ><div\n\t\t\t\n\t\t\tclass=\"so-widget-sow-editor so-widget-sow-editor-base\"\n\t\t\t\n\t\t>\n<div class=\"siteorigin-widget-tinymce textwidget\">\n\t<p><iframe loading=\"lazy\" title=\"Raid Quad-plus Gr\u00e8ce 21\" width=\"500\" height=\"281\" src=\"https:\/\/www.youtube.com\/embed\/tYG8TPHDCQQ?feature=oembed\" frameborder=\"0\" allow=\"accelerometer; autoplay; clipboard-write; encrypted-media; gyroscope; picture-in-picture; web-share\" referrerpolicy=\"strict-origin-when-cross-origin\" allowfullscreen><\/iframe><\/p>\n<\/div>\n<\/div><\/div><\/div><div id=\"pgc-6942-1-1\"  class=\"panel-grid-cell\" ><div id=\"panel-6942-1-1-0\" class=\"so-panel widget widget_sow-editor panel-first-child panel-last-child\" data-index=\"2\" ><div\n\t\t\t\n\t\t\tclass=\"so-widget-sow-editor so-widget-sow-editor-base\"\n\t\t\t\n\t\t>\n<div class=\"siteorigin-widget-tinymce textwidget\">\n\t<p><iframe loading=\"lazy\" title=\"Raid Quad-Plus en Grece 2020 SXS SSV Yamaha YXZ Polaris Turbo S\" width=\"500\" height=\"281\" src=\"https:\/\/www.youtube.com\/embed\/qJGI2n95gHw?feature=oembed\" frameborder=\"0\" allow=\"accelerometer; autoplay; clipboard-write; encrypted-media; gyroscope; picture-in-picture; web-share\" referrerpolicy=\"strict-origin-when-cross-origin\" allowfullscreen><\/iframe><\/p>\n<\/div>\n<\/div><\/div><\/div><\/div><div id=\"pg-6942-2\"  class=\"panel-grid panel-no-style\" ><div id=\"pgc-6942-2-0\"  class=\"panel-grid-cell\" ><div id=\"panel-6942-2-0-0\" class=\"so-panel widget widget_sow-editor panel-first-child panel-last-child\" data-index=\"3\" ><div\n\t\t\t\n\t\t\tclass=\"so-widget-sow-editor so-widget-sow-editor-base\"\n\t\t\t\n\t\t>\n<div class=\"siteorigin-widget-tinymce textwidget\">\n\t<p><iframe loading=\"lazy\" title=\"Raid Quad plus.be Greece 2021 SSV - SXS - Yamaha YXZ &amp; Bike\/Moto T\u00e9n\u00e9r\u00e9 700 - Polaris RZR Turbo\" width=\"500\" height=\"281\" src=\"https:\/\/www.youtube.com\/embed\/CJ4PDAE3aA0?feature=oembed\" frameborder=\"0\" allow=\"accelerometer; autoplay; clipboard-write; encrypted-media; gyroscope; picture-in-picture; web-share\" referrerpolicy=\"strict-origin-when-cross-origin\" allowfullscreen><\/iframe><\/p>\n<\/div>\n<\/div><\/div><\/div><div id=\"pgc-6942-2-1\"  class=\"panel-grid-cell\" ><div id=\"panel-6942-2-1-0\" class=\"so-panel widget widget_sow-editor panel-first-child panel-last-child\" data-index=\"4\" ><div\n\t\t\t\n\t\t\tclass=\"so-widget-sow-editor so-widget-sow-editor-base\"\n\t\t\t\n\t\t>\n<div class=\"siteorigin-widget-tinymce textwidget\">\n\t<p><iframe loading=\"lazy\" title=\"RAID GRECE 2021 SSV\" width=\"500\" height=\"281\" src=\"https:\/\/www.youtube.com\/embed\/Te1iHzW7tyk?feature=oembed\" frameborder=\"0\" allow=\"accelerometer; autoplay; clipboard-write; encrypted-media; gyroscope; picture-in-picture; web-share\" referrerpolicy=\"strict-origin-when-cross-origin\" allowfullscreen><\/iframe><\/p>\n<\/div>\n<\/div><\/div><\/div><\/div><\/div>","protected":false},"excerpt":{"rendered":"<p>Gordon Raid Videos https:\/\/www.youtube.com\/watch?v=tYG8TPHDCQQ https:\/\/www.youtube.com\/watch?v=qJGI2n95gHw<\/p>\n","protected":false},"author":2,"featured_media":0,"parent":6786,"menu_order":0,"comment_status":"closed","ping_status":"closed","template":"","meta":{"footnotes":""},"folder":[],"class_list":["post-6942","page","type-page","status-publish","hentry","entry"],"_links":{"self":[{"href":"https:\/\/www.greece4x4.com\/fr\/wp-json\/wp\/v2\/pages\/6942","targetHints":{"allow":["GET"]}}],"collection":[{"href":"https:\/\/www.greece4x4.com\/fr\/wp-json\/wp\/v2\/pages"}],"about":[{"href":"https:\/\/www.greece4x4.com\/fr\/wp-json\/wp\/v2\/types\/page"}],"author":[{"embeddable":true,"href":"https:\/\/www.greece4x4.com\/fr\/wp-json\/wp\/v2\/users\/2"}],"replies":[{"embeddable":true,"href":"https:\/\/www.greece4x4.com\/fr\/wp-json\/wp\/v2\/comments?post=6942"}],"version-history":[{"count":4,"href":"https:\/\/www.greece4x4.com\/fr\/wp-json\/wp\/v2\/pages\/6942\/revisions"}],"predecessor-version":[{"id":6953,"href":"https:\/\/www.greece4x4.com\/fr\/wp-json\/wp\/v2\/pages\/6942\/revisions\/6953"}],"up":[{"embeddable":true,"href":"https:\/\/www.greece4x4.com\/fr\/wp-json\/wp\/v2\/pages\/6786"}],"wp:attachment":[{"href":"https:\/\/www.greece4x4.com\/fr\/wp-json\/wp\/v2\/media?parent=6942"}],"wp:term":[{"taxonomy":"folder","embeddable":true,"href":"https:\/\/www.greece4x4.com\/fr\/wp-json\/wp\/v2\/folder?post=6942"}],"curies":[{"name":"wp","href":"https:\/\/api.w.org\/{rel}","templated":true}]}}