{"id":3035,"date":"2019-02-01T15:38:40","date_gmt":"2019-02-01T13:38:40","guid":{"rendered":"https:\/\/www.greece4x4.com\/?page_id=3035"},"modified":"2023-07-04T16:01:17","modified_gmt":"2023-07-04T13:01:17","slug":"home","status":"publish","type":"page","link":"https:\/\/www.greece4x4.com\/fr\/","title":{"rendered":"Home"},"content":{"rendered":"<div id=\"pl-3035\"  class=\"panel-layout\" ><div id=\"pg-3035-0\"  class=\"panel-grid panel-no-style\" ><div id=\"pgc-3035-0-0\"  class=\"panel-grid-cell\" ><div id=\"panel-3035-0-0-0\" class=\"so-panel widget widget_sow-editor panel-first-child panel-last-child\" data-index=\"0\" ><div\n\t\t\t\n\t\t\tclass=\"so-widget-sow-editor so-widget-sow-editor-base\"\n\t\t\t\n\t\t>\n<div class=\"siteorigin-widget-tinymce textwidget\">\n\t<h1 style=\"text-align: center;\">Raids<\/h1>\n<\/div>\n<\/div><\/div><\/div><\/div><div id=\"pg-3035-1\"  class=\"panel-grid panel-has-style\" ><div class=\"axl_homepage_row panel-row-style panel-row-style-for-3035-1\" ><div id=\"pgc-3035-1-0\"  class=\"panel-grid-cell\" ><div id=\"panel-3035-1-0-0\" class=\"so-panel widget widget_sow-image panel-first-child\" data-index=\"1\" ><div\n\t\t\t\n\t\t\tclass=\"so-widget-sow-image so-widget-sow-image-default-113ccd71f3e6-3035\"\n\t\t\t\n\t\t>\n<div class=\"sow-image-container\">\n\t\t\t<a href=\"https:\/\/www.greece4x4.com\/fr\/leonid_pelopon_fr\/\"\n\t\t\t\t\t>\n\t\t\t<img \n\tsrc=\"https:\/\/www.greece4x4.com\/wp-content\/uploads\/Raid-Leonidas1-768x576.jpg\" width=\"768\" height=\"576\" srcset=\"https:\/\/www.greece4x4.com\/wp-content\/uploads\/Raid-Leonidas1-768x576.jpg 768w, https:\/\/www.greece4x4.com\/wp-content\/uploads\/Raid-Leonidas1-300x225.jpg 300w, https:\/\/www.greece4x4.com\/wp-content\/uploads\/Raid-Leonidas1-1024x768.jpg 1024w, https:\/\/www.greece4x4.com\/wp-content\/uploads\/Raid-Leonidas1-1536x1152.jpg 1536w, https:\/\/www.greece4x4.com\/wp-content\/uploads\/Raid-Leonidas1.jpg 2048w\" sizes=\"(max-width: 768px) 100vw, 768px\" title=\"Raid Leonidas1\" alt=\"\" \t\tclass=\"so-widget-image\"\/>\n\t\t\t<\/a><\/div>\n\n<\/div><\/div><div id=\"panel-3035-1-0-1\" class=\"so-panel widget widget_sow-editor panel-last-child\" data-index=\"2\" ><div\n\t\t\t\n\t\t\tclass=\"so-widget-sow-editor so-widget-sow-editor-base\"\n\t\t\t\n\t\t>\n<div class=\"siteorigin-widget-tinymce textwidget\">\n\t<p style=\"text-align: center;\"><a href=\"https:\/\/www.greece4x4.com\/fr\/leonid_pelopon_fr\/\"><strong>Raid Leonidas - P\u00e9loponn\u00e8se <\/strong><\/a><\/p>\n<p style=\"text-align: center;\"><a href=\"https:\/\/www.greece4x4.com\/fr\/leonid_pelopon_fr\/\"><strong>Gr\u00e8ce<\/strong><\/a><\/p>\n<p style=\"text-align: center;\"><span style=\"text-align: center; background-color: yellow;\"><a href=\"https:\/\/www.greece4x4.com\/fr\/leonid_pelopon_fr\/\"><strong>D\u00e9couvrir<\/strong><\/a><\/span><\/p>\n<\/div>\n<\/div><\/div><\/div><div id=\"pgc-3035-1-1\"  class=\"panel-grid-cell\" ><div id=\"panel-3035-1-1-0\" class=\"so-panel widget widget_sow-image panel-first-child\" data-index=\"3\" ><div\n\t\t\t\n\t\t\tclass=\"so-widget-sow-image so-widget-sow-image-default-113ccd71f3e6-3035\"\n\t\t\t\n\t\t>\n<div class=\"sow-image-container\">\n\t\t\t<a href=\"https:\/\/www.greece4x4.com\/fr\/raid-apollon\/\"\n\t\t\t\t\t>\n\t\t\t<img \n\tsrc=\"https:\/\/www.greece4x4.com\/wp-content\/uploads\/Raid-Apollon-768x576.jpg\" width=\"768\" height=\"576\" srcset=\"https:\/\/www.greece4x4.com\/wp-content\/uploads\/Raid-Apollon-768x576.jpg 768w, https:\/\/www.greece4x4.com\/wp-content\/uploads\/Raid-Apollon-300x225.jpg 300w, https:\/\/www.greece4x4.com\/wp-content\/uploads\/Raid-Apollon-1024x768.jpg 1024w, https:\/\/www.greece4x4.com\/wp-content\/uploads\/Raid-Apollon-1536x1152.jpg 1536w, https:\/\/www.greece4x4.com\/wp-content\/uploads\/Raid-Apollon.jpg 2048w\" sizes=\"(max-width: 768px) 100vw, 768px\" title=\"Raid Apollon\" alt=\"\" \t\tclass=\"so-widget-image\"\/>\n\t\t\t<\/a><\/div>\n\n<\/div><\/div><div id=\"panel-3035-1-1-1\" class=\"so-panel widget widget_sow-editor panel-last-child\" data-index=\"4\" ><div\n\t\t\t\n\t\t\tclass=\"so-widget-sow-editor so-widget-sow-editor-base\"\n\t\t\t\n\t\t>\n<div class=\"siteorigin-widget-tinymce textwidget\">\n\t<p style=\"text-align: center;\"><a href=\"https:\/\/www.greece4x4.com\/fr\/raid-apollon\/\"><strong>Raid Apollon <\/strong><\/a><\/p>\n<p style=\"text-align: center;\"><a href=\"https:\/\/www.greece4x4.com\/fr\/raid-apollon\/\"><strong>(Gr\u00e8ce Continentale Centre et Nord Ouest)<\/strong><\/a><\/p>\n<p style=\"text-align: center;\"><span style=\"text-align: center; background-color: yellow;\"><a href=\"https:\/\/www.greece4x4.com\/fr\/raid-apollon\/\"><strong>D\u00e9couvrir<\/strong><\/a><\/span><\/p>\n<\/div>\n<\/div><\/div><\/div><\/div><\/div><div id=\"pg-3035-2\"  class=\"panel-grid panel-has-style\" ><div class=\"axl_homepage_row panel-row-style panel-row-style-for-3035-2\" ><div id=\"pgc-3035-2-0\"  class=\"panel-grid-cell\" ><div id=\"panel-3035-2-0-0\" class=\"so-panel widget widget_sow-image panel-first-child\" data-index=\"5\" ><div\n\t\t\t\n\t\t\tclass=\"so-widget-sow-image so-widget-sow-image-default-113ccd71f3e6-3035\"\n\t\t\t\n\t\t>\n<div class=\"sow-image-container\">\n\t\t\t<a href=\"https:\/\/www.greece4x4.com\/fr\/gordon-raid-grece-ssv\/\"\n\t\t\t\t\t>\n\t\t\t<img \n\tsrc=\"https:\/\/www.greece4x4.com\/wp-content\/uploads\/Raid-Grece-SSV-768x432.jpg\" width=\"768\" height=\"432\" srcset=\"https:\/\/www.greece4x4.com\/wp-content\/uploads\/Raid-Grece-SSV-768x432.jpg 768w, https:\/\/www.greece4x4.com\/wp-content\/uploads\/Raid-Grece-SSV-300x169.jpg 300w, https:\/\/www.greece4x4.com\/wp-content\/uploads\/Raid-Grece-SSV-1024x576.jpg 1024w, https:\/\/www.greece4x4.com\/wp-content\/uploads\/Raid-Grece-SSV-1536x864.jpg 1536w, https:\/\/www.greece4x4.com\/wp-content\/uploads\/Raid-Grece-SSV.jpg 2048w\" sizes=\"(max-width: 768px) 100vw, 768px\" title=\"Raid Grece SSV\" alt=\"\" \t\tclass=\"so-widget-image\"\/>\n\t\t\t<\/a><\/div>\n\n<\/div><\/div><div id=\"panel-3035-2-0-1\" class=\"so-panel widget widget_sow-editor panel-last-child\" data-index=\"6\" ><div\n\t\t\t\n\t\t\tclass=\"so-widget-sow-editor so-widget-sow-editor-base\"\n\t\t\t\n\t\t>\n<div class=\"siteorigin-widget-tinymce textwidget\">\n\t<p style=\"text-align: center;\"><a href=\"https:\/\/www.greece4x4.com\/fr\/gordon-raid-grece-ssv\/\"><strong>Raid Gr\u00e8ce SSV\/Quad<\/strong><\/a><\/p>\n<p style=\"text-align: center;\"><a href=\"https:\/\/www.greece4x4.com\/fr\/gordon-raid-grece-ssv\/\"><strong>(Gr\u00e8ce Continentale Centre et Nord Ouest)<\/strong><\/a><\/p>\n<p style=\"text-align: center;\"><span style=\"text-align: center; background-color: yellow;\"><a href=\"https:\/\/www.greece4x4.com\/fr\/gordon-raid-grece-ssv\/\"><strong>D\u00e9couvrir<\/strong><\/a><\/span><\/p>\n<\/div>\n<\/div><\/div><\/div><div id=\"pgc-3035-2-1\"  class=\"panel-grid-cell\" ><div id=\"panel-3035-2-1-0\" class=\"so-panel widget widget_sow-image panel-first-child\" data-index=\"7\" ><div\n\t\t\t\n\t\t\tclass=\"so-widget-sow-image so-widget-sow-image-default-113ccd71f3e6-3035\"\n\t\t\t\n\t\t>\n<div class=\"sow-image-container\">\n\t\t\t<a href=\"https:\/\/www.greece4x4.com\/fr\/raid-albania-albanie-montenegro-bosnie-croatie\/\"\n\t\t\t\t\t>\n\t\t\t<img \n\tsrc=\"https:\/\/www.greece4x4.com\/wp-content\/uploads\/TransBalkan-Raid1-768x576.jpg\" width=\"768\" height=\"576\" srcset=\"https:\/\/www.greece4x4.com\/wp-content\/uploads\/TransBalkan-Raid1-768x576.jpg 768w, https:\/\/www.greece4x4.com\/wp-content\/uploads\/TransBalkan-Raid1-300x225.jpg 300w, https:\/\/www.greece4x4.com\/wp-content\/uploads\/TransBalkan-Raid1-1024x768.jpg 1024w, https:\/\/www.greece4x4.com\/wp-content\/uploads\/TransBalkan-Raid1-1536x1152.jpg 1536w, https:\/\/www.greece4x4.com\/wp-content\/uploads\/TransBalkan-Raid1.jpg 2048w\" sizes=\"(max-width: 768px) 100vw, 768px\" title=\"TransBalkan Raid1\" alt=\"\" \t\tclass=\"so-widget-image\"\/>\n\t\t\t<\/a><\/div>\n\n<\/div><\/div><div id=\"panel-3035-2-1-1\" class=\"so-panel widget widget_sow-editor panel-last-child\" data-index=\"8\" ><div\n\t\t\t\n\t\t\tclass=\"so-widget-sow-editor so-widget-sow-editor-base\"\n\t\t\t\n\t\t>\n<div class=\"siteorigin-widget-tinymce textwidget\">\n\t<p style=\"text-align: center;\"><a href=\"https:\/\/www.greece4x4.com\/fr\/raid-albania-albanie-montenegro-bosnie-croatie\/\"><strong>Transbalkan Raid<\/strong><\/a><\/p>\n<p style=\"text-align: center;\"><a href=\"https:\/\/www.greece4x4.com\/fr\/raid-albania-albanie-montenegro-bosnie-croatie\/\"><strong>Albanie-Mont\u00e9n\u00e9gro-Bosnie-Croatie<\/strong><\/a><\/p>\n<p style=\"text-align: center;\"><span style=\"text-align: center; background-color: yellow;\"><a href=\"https:\/\/www.greece4x4.com\/fr\/raid-albania-albanie-montenegro-bosnie-croatie\/\"><strong>D\u00e9couvrir<\/strong><\/a><\/span><\/p>\n<\/div>\n<\/div><\/div><\/div><\/div><\/div><div id=\"pg-3035-3\"  class=\"panel-grid panel-has-style\" ><div class=\"axl_homepage_row panel-row-style panel-row-style-for-3035-3\" ><div id=\"pgc-3035-3-0\"  class=\"panel-grid-cell\" ><div id=\"panel-3035-3-0-0\" class=\"so-panel widget widget_sow-image panel-first-child\" data-index=\"9\" ><div\n\t\t\t\n\t\t\tclass=\"so-widget-sow-image so-widget-sow-image-default-113ccd71f3e6-3035\"\n\t\t\t\n\t\t>\n<div class=\"sow-image-container\">\n\t\t\t<a href=\"https:\/\/www.greece4x4.com\/fr\/raid-olympe-grece-nord-est\/\"\n\t\t\t\t\t>\n\t\t\t<img \n\tsrc=\"https:\/\/www.greece4x4.com\/wp-content\/uploads\/Raid-Olympe-768x511.jpg\" width=\"768\" height=\"511\" srcset=\"https:\/\/www.greece4x4.com\/wp-content\/uploads\/Raid-Olympe-768x511.jpg 768w, https:\/\/www.greece4x4.com\/wp-content\/uploads\/Raid-Olympe-300x200.jpg 300w, https:\/\/www.greece4x4.com\/wp-content\/uploads\/Raid-Olympe-1024x681.jpg 1024w, https:\/\/www.greece4x4.com\/wp-content\/uploads\/Raid-Olympe-600x400.jpg 600w, https:\/\/www.greece4x4.com\/wp-content\/uploads\/Raid-Olympe-1536x1022.jpg 1536w, https:\/\/www.greece4x4.com\/wp-content\/uploads\/Raid-Olympe-272x182.jpg 272w, https:\/\/www.greece4x4.com\/wp-content\/uploads\/Raid-Olympe.jpg 2000w\" sizes=\"(max-width: 768px) 100vw, 768px\" title=\"View,Of,Kerkini,Lake,With,Reflections,On,The,Water,At\" alt=\"\" \t\tclass=\"so-widget-image\"\/>\n\t\t\t<\/a><\/div>\n\n<\/div><\/div><div id=\"panel-3035-3-0-1\" class=\"so-panel widget widget_sow-editor panel-last-child\" data-index=\"10\" ><div\n\t\t\t\n\t\t\tclass=\"so-widget-sow-editor so-widget-sow-editor-base\"\n\t\t\t\n\t\t>\n<div class=\"siteorigin-widget-tinymce textwidget\">\n\t<p style=\"text-align: center;\"><a href=\"https:\/\/www.greece4x4.com\/fr\/raid-olympe-grece-nord-est\/\"><strong>Raid Olympe <\/strong><\/a><\/p>\n<p style=\"text-align: center;\"><a href=\"https:\/\/www.greece4x4.com\/fr\/raid-olympe-grece-nord-est\/\"><strong>(Gr\u00e8ce Continentale Nord Est)<\/strong><\/a><\/p>\n<p style=\"text-align: center;\"><span style=\"text-align: center; background-color: yellow;\"><a href=\"https:\/\/www.greece4x4.com\/fr\/raid-olympe-grece-nord-est\/\"><strong>D\u00e9couvrir<\/strong><\/a><\/span><\/p>\n<\/div>\n<\/div><\/div><\/div><div id=\"pgc-3035-3-1\"  class=\"panel-grid-cell\" ><div id=\"panel-3035-3-1-0\" class=\"so-panel widget widget_sow-image panel-first-child\" data-index=\"11\" ><div\n\t\t\t\n\t\t\tclass=\"so-widget-sow-image so-widget-sow-image-default-113ccd71f3e6-3035\"\n\t\t\t\n\t\t>\n<div class=\"sow-image-container\">\n\t\t\t<a href=\"https:\/\/www.greece4x4.com\/fr\/minoan_crete_fr\/\"\n\t\t\t\t\t>\n\t\t\t<img \n\tsrc=\"https:\/\/www.greece4x4.com\/wp-content\/uploads\/Minoan-Tour1-768x432.jpg\" width=\"768\" height=\"432\" srcset=\"https:\/\/www.greece4x4.com\/wp-content\/uploads\/Minoan-Tour1-768x432.jpg 768w, https:\/\/www.greece4x4.com\/wp-content\/uploads\/Minoan-Tour1-300x169.jpg 300w, https:\/\/www.greece4x4.com\/wp-content\/uploads\/Minoan-Tour1-1024x576.jpg 1024w, https:\/\/www.greece4x4.com\/wp-content\/uploads\/Minoan-Tour1-1536x864.jpg 1536w, https:\/\/www.greece4x4.com\/wp-content\/uploads\/Minoan-Tour1.jpg 1920w\" sizes=\"(max-width: 768px) 100vw, 768px\" title=\"Minoan Tour1\" alt=\"\" \t\tclass=\"so-widget-image\"\/>\n\t\t\t<\/a><\/div>\n\n<\/div><\/div><div id=\"panel-3035-3-1-1\" class=\"so-panel widget widget_sow-editor panel-last-child\" data-index=\"12\" ><div\n\t\t\t\n\t\t\tclass=\"so-widget-sow-editor so-widget-sow-editor-base\"\n\t\t\t\n\t\t>\n<div class=\"siteorigin-widget-tinymce textwidget\">\n\t<p style=\"text-align: center;\"><a href=\"https:\/\/www.greece4x4.com\/fr\/minoan_crete_fr\/\"><strong>Minoan Tour<\/strong><\/a><\/p>\n<p style=\"text-align: center;\"><a href=\"https:\/\/www.greece4x4.com\/fr\/minoan_crete_fr\/\"><strong>Cr\u00e8te<\/strong><\/a><\/p>\n<p style=\"text-align: center;\"><span style=\"text-align: center; background-color: yellow;\"><a href=\"https:\/\/www.greece4x4.com\/fr\/minoan_crete_fr\/\"><strong>D\u00e9couvrir<\/strong><\/a><\/span><\/p>\n<\/div>\n<\/div><\/div><\/div><\/div><\/div><div id=\"pg-3035-4\"  class=\"panel-grid panel-has-style\" ><div class=\"axl_homepage_row panel-row-style panel-row-style-for-3035-4\" ><div id=\"pgc-3035-4-0\"  class=\"panel-grid-cell panel-grid-cell-empty\" ><\/div><div id=\"pgc-3035-4-1\"  class=\"panel-grid-cell panel-grid-cell-mobile-last\" ><div id=\"panel-3035-4-1-0\" class=\"so-panel widget widget_sow-image panel-first-child\" data-index=\"13\" ><div\n\t\t\t\n\t\t\tclass=\"so-widget-sow-image so-widget-sow-image-default-113ccd71f3e6-3035\"\n\t\t\t\n\t\t>\n<div class=\"sow-image-container\">\n\t\t\t<a href=\"https:\/\/www.greece4x4.com\/fr\/raid-transalpina-bulgarie-roumanie\/\"\n\t\t\t\t\t>\n\t\t\t<img \n\tsrc=\"https:\/\/www.greece4x4.com\/wp-content\/uploads\/Raid-Transalpina-768x511.jpg\" width=\"768\" height=\"511\" srcset=\"https:\/\/www.greece4x4.com\/wp-content\/uploads\/Raid-Transalpina-768x511.jpg 768w, https:\/\/www.greece4x4.com\/wp-content\/uploads\/Raid-Transalpina-300x200.jpg 300w, https:\/\/www.greece4x4.com\/wp-content\/uploads\/Raid-Transalpina-1024x682.jpg 1024w, https:\/\/www.greece4x4.com\/wp-content\/uploads\/Raid-Transalpina-600x400.jpg 600w, https:\/\/www.greece4x4.com\/wp-content\/uploads\/Raid-Transalpina-272x182.jpg 272w, https:\/\/www.greece4x4.com\/wp-content\/uploads\/Raid-Transalpina.jpg 1202w\" sizes=\"(max-width: 768px) 100vw, 768px\" title=\"Raid Transalpina \nBulgarie-Roumanie \" alt=\"Raid Transalpina Bulgarie-Roumanie\" \t\tclass=\"so-widget-image\"\/>\n\t\t\t<\/a><\/div>\n\n<\/div><\/div><div id=\"panel-3035-4-1-1\" class=\"so-panel widget widget_sow-editor panel-last-child\" data-index=\"14\" ><div\n\t\t\t\n\t\t\tclass=\"so-widget-sow-editor so-widget-sow-editor-base\"\n\t\t\t\n\t\t>\n<div class=\"siteorigin-widget-tinymce textwidget\">\n\t<p style=\"text-align: center;\"><a href=\"https:\/\/www.greece4x4.com\/fr\/raid-transalpina-bulgarie-roumanie\/\"><strong>Raid Transalpina<\/strong><\/a><\/p>\n<p style=\"text-align: center;\"><a href=\"https:\/\/www.greece4x4.com\/fr\/raid-transalpina-bulgarie-roumanie\/\"><strong>Bulgarie-Roumanie<\/strong><\/a><\/p>\n<p style=\"text-align: center;\"><a href=\"https:\/\/www.greece4x4.com\/fr\/raid-transalpina-bulgarie-roumanie\/\"><span style=\"text-align: center; background-color: yellow;\"><strong>D\u00e9couvrir<\/strong><\/span><\/a><\/p>\n<\/div>\n<\/div><\/div><\/div><div id=\"pgc-3035-4-2\"  class=\"panel-grid-cell panel-grid-cell-empty\" ><\/div><\/div><\/div><\/div>","protected":false},"excerpt":{"rendered":"<p>Raids Raid Leonidas &#8211; P\u00e9loponn\u00e8se Gr\u00e8ce D\u00e9couvrir Raid Apollon (Gr\u00e8ce Continentale Centre et Nord Ouest) D\u00e9couvrir<\/p>\n","protected":false},"author":2,"featured_media":0,"parent":0,"menu_order":0,"comment_status":"closed","ping_status":"closed","template":"","meta":{"footnotes":""},"folder":[],"class_list":["post-3035","page","type-page","status-publish","hentry","entry"],"_links":{"self":[{"href":"https:\/\/www.greece4x4.com\/fr\/wp-json\/wp\/v2\/pages\/3035","targetHints":{"allow":["GET"]}}],"collection":[{"href":"https:\/\/www.greece4x4.com\/fr\/wp-json\/wp\/v2\/pages"}],"about":[{"href":"https:\/\/www.greece4x4.com\/fr\/wp-json\/wp\/v2\/types\/page"}],"author":[{"embeddable":true,"href":"https:\/\/www.greece4x4.com\/fr\/wp-json\/wp\/v2\/users\/2"}],"replies":[{"embeddable":true,"href":"https:\/\/www.greece4x4.com\/fr\/wp-json\/wp\/v2\/comments?post=3035"}],"version-history":[{"count":78,"href":"https:\/\/www.greece4x4.com\/fr\/wp-json\/wp\/v2\/pages\/3035\/revisions"}],"predecessor-version":[{"id":7444,"href":"https:\/\/www.greece4x4.com\/fr\/wp-json\/wp\/v2\/pages\/3035\/revisions\/7444"}],"wp:attachment":[{"href":"https:\/\/www.greece4x4.com\/fr\/wp-json\/wp\/v2\/media?parent=3035"}],"wp:term":[{"taxonomy":"folder","embeddable":true,"href":"https:\/\/www.greece4x4.com\/fr\/wp-json\/wp\/v2\/folder?post=3035"}],"curies":[{"name":"wp","href":"https:\/\/api.w.org\/{rel}","templated":true}]}}